{"id":854,"date":"2026-04-02T12:13:31","date_gmt":"2026-04-02T10:13:31","guid":{"rendered":"https:\/\/globalfootballtalents.pl\/?page_id=854"},"modified":"2026-04-02T13:06:08","modified_gmt":"2026-04-02T11:06:08","slug":"polskie-druzyny-seniorskie-w-holandii-i-hiszpanii-dolacz-do-nas","status":"publish","type":"page","link":"https:\/\/globalfootballtalents.pl\/?page_id=854","title":{"rendered":"Do\u0142\u0105cz do nas"},"content":{"rendered":"\n<p>Rozpoczynamy oficjalny nab\u00f3r! Polskie Dru\u017cyny Seniorskie w Holandii i Hiszpanii! <\/p>\n\n\n\n<p>Tworzymy dwa niezale\u017cne projekty dla polskich zawodnik\u00f3w (pi\u0142ka seniorska). <\/p>\n\n\n\n<p>Budujemy od podstaw polskie dru\u017cyny, kt\u00f3re wejd\u0105 do oficjalnych struktur rozgrywkowych w Holandii i Hiszpanii. Wybierz sw\u00f3j kierunek, do\u0142\u0105cz do zespo\u0142u i zacznij regularn\u0105 gr\u0119 za granic\u0105.<\/p>\n\n\n\n<p><br><strong>\u200b\ud83c\uddf3\ud83c\uddf1 Projekt Holandia (System KNVB)<\/strong><br>Tworzymy polsk\u0105 dru\u017cyn\u0119 seniorsk\u0105, kt\u00f3ra wejdzie w holenderskie rozgrywki ligowe.<br>\u200bStart: Zaczynamy od najni\u017cszej ligi amatorskiej \u2013 5e Klasse (lub 4e Klasse w zale\u017cno\u015bci od przydzia\u0142u KNVB w danym regionie).<br>\u200bRozgrywki:<strong> <\/strong>Pe\u0142ny sezon ligowy z meczami w systemie weekendowym (sobota lub niedziela).<br>\u200bRozw\u00f3j klubu: Celujemy w awans krok po kroku: 5e, 4e, 3e, 2e, 1e Klasse, a\u017c po poziom Hoofdklasse \/ Vierde Divisie.<\/p>\n\n\n\n<p><br><strong>\u200b\ud83c\uddea\ud83c\uddf8 Projekt Hiszpania (System RFEF)<\/strong><br>R\u00f3wnolegle tworzymy dru\u017cyn\u0119 seniorsk\u0105 w Hiszpanii. Dzia\u0142amy bezpo\u015brednio przez federacje regionalne.<br>\u200bStart: Zaczynamy od lig regionalnych (Tercera Regional lub Segunda Regional \u2013 w zale\u017cno\u015bci od regionu).<br>\u200bRozgrywki: Regularny udzia\u0142 w systemie regionalnym.<br>\u200bRozw\u00f3j klubu: Wspinamy si\u0119 przez Primera Regional i Preferente do poziomu p\u00f3\u0142profesjonalnej Tercera Federaci\u00f3n.<br><\/p>\n","protected":false},"excerpt":{"rendered":"<p>Rozpoczynamy oficjalny nab\u00f3r! Polskie Dru\u017cyny Seniorskie w Holandii i Hiszpanii! Tworzymy dwa niezale\u017cne projekty dla polskich zawodnik\u00f3w (pi\u0142ka seniorska). Budujemy od podstaw polskie dru\u017cyny, kt\u00f3re wejd\u0105 do oficjalnych struktur rozgrywkowych w Holandii i Hiszpanii. Wybierz sw\u00f3j kierunek, do\u0142\u0105cz do zespo\u0142u i zacznij regularn\u0105 gr\u0119 za granic\u0105. \u200b\ud83c\uddf3\ud83c\uddf1 Projekt Holandia (System KNVB)Tworzymy polsk\u0105 dru\u017cyn\u0119 seniorsk\u0105, kt\u00f3ra&#8230;<\/p>\n","protected":false},"author":1,"featured_media":0,"parent":0,"menu_order":0,"comment_status":"closed","ping_status":"closed","template":"","meta":{"_monsterinsights_skip_tracking":false,"_monsterinsights_sitenote_active":false,"_monsterinsights_sitenote_note":"","_monsterinsights_sitenote_category":0,"footnotes":""},"class_list":["post-854","page","type-page","status-publish","hentry"],"yoast_head":"<!-- This site is optimized with the Yoast SEO plugin v27.4 - https:\/\/yoast.com\/product\/yoast-seo-wordpress\/ -->\n<title>Do\u0142\u0105cz do nas - Globalfootballtalents<\/title>\n<meta name=\"robots\" content=\"index, follow, max-snippet:-1, max-image-preview:large, max-video-preview:-1\" \/>\n<link rel=\"canonical\" href=\"https:\/\/globalfootballtalents.pl\/?page_id=854\" \/>\n<meta property=\"og:locale\" content=\"pl_PL\" \/>\n<meta property=\"og:type\" content=\"article\" \/>\n<meta property=\"og:title\" content=\"Do\u0142\u0105cz do nas - Globalfootballtalents\" \/>\n<meta property=\"og:description\" content=\"Rozpoczynamy oficjalny nab\u00f3r! Polskie Dru\u017cyny Seniorskie w Holandii i Hiszpanii! Tworzymy dwa niezale\u017cne projekty dla polskich zawodnik\u00f3w (pi\u0142ka seniorska). Budujemy od podstaw polskie dru\u017cyny, kt\u00f3re wejd\u0105 do oficjalnych struktur rozgrywkowych w Holandii i Hiszpanii. Wybierz sw\u00f3j kierunek, do\u0142\u0105cz do zespo\u0142u i zacznij regularn\u0105 gr\u0119 za granic\u0105. \u200b\ud83c\uddf3\ud83c\uddf1 Projekt Holandia (System KNVB)Tworzymy polsk\u0105 dru\u017cyn\u0119 seniorsk\u0105, kt\u00f3ra...\" \/>\n<meta property=\"og:url\" content=\"https:\/\/globalfootballtalents.pl\/?page_id=854\" \/>\n<meta property=\"og:site_name\" content=\"Globalfootballtalents\" \/>\n<meta property=\"article:modified_time\" content=\"2026-04-02T11:06:08+00:00\" \/>\n<meta name=\"twitter:label1\" content=\"Szacowany czas czytania\" \/>\n\t<meta name=\"twitter:data1\" content=\"1 minuta\" \/>\n<script type=\"application\/ld+json\" class=\"yoast-schema-graph\">{\"@context\":\"https:\\\/\\\/schema.org\",\"@graph\":[{\"@type\":\"WebPage\",\"@id\":\"https:\\\/\\\/globalfootballtalents.pl\\\/?page_id=854\",\"url\":\"https:\\\/\\\/globalfootballtalents.pl\\\/?page_id=854\",\"name\":\"Do\u0142\u0105cz do nas - Globalfootballtalents\",\"isPartOf\":{\"@id\":\"https:\\\/\\\/globalfootballtalents.pl\\\/#website\"},\"datePublished\":\"2026-04-02T10:13:31+00:00\",\"dateModified\":\"2026-04-02T11:06:08+00:00\",\"breadcrumb\":{\"@id\":\"https:\\\/\\\/globalfootballtalents.pl\\\/?page_id=854#breadcrumb\"},\"inLanguage\":\"pl-PL\",\"potentialAction\":[{\"@type\":\"ReadAction\",\"target\":[\"https:\\\/\\\/globalfootballtalents.pl\\\/?page_id=854\"]}]},{\"@type\":\"BreadcrumbList\",\"@id\":\"https:\\\/\\\/globalfootballtalents.pl\\\/?page_id=854#breadcrumb\",\"itemListElement\":[{\"@type\":\"ListItem\",\"position\":1,\"name\":\"Home\",\"item\":\"https:\\\/\\\/globalfootballtalents.pl\\\/\"},{\"@type\":\"ListItem\",\"position\":2,\"name\":\"Do\u0142\u0105cz do nas\"}]},{\"@type\":\"WebSite\",\"@id\":\"https:\\\/\\\/globalfootballtalents.pl\\\/#website\",\"url\":\"https:\\\/\\\/globalfootballtalents.pl\\\/\",\"name\":\"Globalfootballtalents\",\"description\":\"GFT\",\"potentialAction\":[{\"@type\":\"SearchAction\",\"target\":{\"@type\":\"EntryPoint\",\"urlTemplate\":\"https:\\\/\\\/globalfootballtalents.pl\\\/?s={search_term_string}\"},\"query-input\":{\"@type\":\"PropertyValueSpecification\",\"valueRequired\":true,\"valueName\":\"search_term_string\"}}],\"inLanguage\":\"pl-PL\"}]}<\/script>\n<!-- \/ Yoast SEO plugin. -->","yoast_head_json":{"title":"Do\u0142\u0105cz do nas - Globalfootballtalents","robots":{"index":"index","follow":"follow","max-snippet":"max-snippet:-1","max-image-preview":"max-image-preview:large","max-video-preview":"max-video-preview:-1"},"canonical":"https:\/\/globalfootballtalents.pl\/?page_id=854","og_locale":"pl_PL","og_type":"article","og_title":"Do\u0142\u0105cz do nas - Globalfootballtalents","og_description":"Rozpoczynamy oficjalny nab\u00f3r! Polskie Dru\u017cyny Seniorskie w Holandii i Hiszpanii! Tworzymy dwa niezale\u017cne projekty dla polskich zawodnik\u00f3w (pi\u0142ka seniorska). Budujemy od podstaw polskie dru\u017cyny, kt\u00f3re wejd\u0105 do oficjalnych struktur rozgrywkowych w Holandii i Hiszpanii. Wybierz sw\u00f3j kierunek, do\u0142\u0105cz do zespo\u0142u i zacznij regularn\u0105 gr\u0119 za granic\u0105. \u200b\ud83c\uddf3\ud83c\uddf1 Projekt Holandia (System KNVB)Tworzymy polsk\u0105 dru\u017cyn\u0119 seniorsk\u0105, kt\u00f3ra...","og_url":"https:\/\/globalfootballtalents.pl\/?page_id=854","og_site_name":"Globalfootballtalents","article_modified_time":"2026-04-02T11:06:08+00:00","twitter_misc":{"Szacowany czas czytania":"1 minuta"},"schema":{"@context":"https:\/\/schema.org","@graph":[{"@type":"WebPage","@id":"https:\/\/globalfootballtalents.pl\/?page_id=854","url":"https:\/\/globalfootballtalents.pl\/?page_id=854","name":"Do\u0142\u0105cz do nas - Globalfootballtalents","isPartOf":{"@id":"https:\/\/globalfootballtalents.pl\/#website"},"datePublished":"2026-04-02T10:13:31+00:00","dateModified":"2026-04-02T11:06:08+00:00","breadcrumb":{"@id":"https:\/\/globalfootballtalents.pl\/?page_id=854#breadcrumb"},"inLanguage":"pl-PL","potentialAction":[{"@type":"ReadAction","target":["https:\/\/globalfootballtalents.pl\/?page_id=854"]}]},{"@type":"BreadcrumbList","@id":"https:\/\/globalfootballtalents.pl\/?page_id=854#breadcrumb","itemListElement":[{"@type":"ListItem","position":1,"name":"Home","item":"https:\/\/globalfootballtalents.pl\/"},{"@type":"ListItem","position":2,"name":"Do\u0142\u0105cz do nas"}]},{"@type":"WebSite","@id":"https:\/\/globalfootballtalents.pl\/#website","url":"https:\/\/globalfootballtalents.pl\/","name":"Globalfootballtalents","description":"GFT","potentialAction":[{"@type":"SearchAction","target":{"@type":"EntryPoint","urlTemplate":"https:\/\/globalfootballtalents.pl\/?s={search_term_string}"},"query-input":{"@type":"PropertyValueSpecification","valueRequired":true,"valueName":"search_term_string"}}],"inLanguage":"pl-PL"}]}},"_links":{"self":[{"href":"https:\/\/globalfootballtalents.pl\/index.php?rest_route=\/wp\/v2\/pages\/854","targetHints":{"allow":["GET"]}}],"collection":[{"href":"https:\/\/globalfootballtalents.pl\/index.php?rest_route=\/wp\/v2\/pages"}],"about":[{"href":"https:\/\/globalfootballtalents.pl\/index.php?rest_route=\/wp\/v2\/types\/page"}],"author":[{"embeddable":true,"href":"https:\/\/globalfootballtalents.pl\/index.php?rest_route=\/wp\/v2\/users\/1"}],"replies":[{"embeddable":true,"href":"https:\/\/globalfootballtalents.pl\/index.php?rest_route=%2Fwp%2Fv2%2Fcomments&post=854"}],"version-history":[{"count":2,"href":"https:\/\/globalfootballtalents.pl\/index.php?rest_route=\/wp\/v2\/pages\/854\/revisions"}],"predecessor-version":[{"id":861,"href":"https:\/\/globalfootballtalents.pl\/index.php?rest_route=\/wp\/v2\/pages\/854\/revisions\/861"}],"wp:attachment":[{"href":"https:\/\/globalfootballtalents.pl\/index.php?rest_route=%2Fwp%2Fv2%2Fmedia&parent=854"}],"curies":[{"name":"wp","href":"https:\/\/api.w.org\/{rel}","templated":true}]}}