{"id":815,"date":"2026-03-31T12:38:12","date_gmt":"2026-03-31T10:38:12","guid":{"rendered":"https:\/\/globalfootballtalents.pl\/?page_id=815"},"modified":"2026-03-31T20:47:24","modified_gmt":"2026-03-31T18:47:24","slug":"metodologia","status":"publish","type":"page","link":"https:\/\/globalfootballtalents.pl\/?page_id=815","title":{"rendered":"Metodologia"},"content":{"rendered":"\n<p>METODOLOGIA SZKOLENIA<\/p>\n\n\n\n<p>Nasze szkolenie opiera si\u0119 na prostym za\u0142o\u017ceniu: rozwijamy kompletnego zawodnika.<\/p>\n\n\n\n<p>Nie skupiamy si\u0119 tylko na technice. Pracujemy nad ca\u0142o\u015bci\u0105 \u2013 cia\u0142em, g\u0142ow\u0105 i decyzjami na boisku.<\/p>\n\n\n\n<p>\u0141\u0105czymy nowoczesne podej\u015bcie do treningu z praktyk\u0105 wyniesion\u0105 z mi\u0119dzynarodowego \u015brodowiska pi\u0142karskiego.<\/p>\n\n\n\n<p><\/p>\n\n\n\n<p>Na czym pracujemy:<\/p>\n\n\n\n<p>Technika<br>Podanie, przyj\u0119cie, prowadzenie pi\u0142ki, gra 1 na 1 \u2013 fundament ka\u017cdego zawodnika.<\/p>\n\n\n\n<p>Motoryka (si\u0142a i wytrzyma\u0142o\u015b\u0107)<br>Budujemy szybko\u015b\u0107, si\u0142\u0119 i wytrzyma\u0142o\u015b\u0107 \u2013 wszystko dopasowane indywidualnie do wieku i mo\u017cliwo\u015bci zawodnika.<\/p>\n\n\n\n<p>Gra i decyzje<br>Uczymy czyta\u0107 gr\u0119, podejmowa\u0107 szybkie decyzje i odnajdywa\u0107 si\u0119 w r\u00f3\u017cnych sytuacjach na boisku.<\/p>\n\n\n\n<p>Mentalno\u015b\u0107<br>Pewno\u015b\u0107 siebie, koncentracja, odpowiedzialno\u015b\u0107 i radzenie sobie pod presj\u0105.<\/p>\n\n\n\n<p><\/p>\n\n\n\n<p>Jak trenujemy:<br>\u2022 indywidualne podej\u015bcie do ka\u017cdego zawodnika<br>\u2022 treningi dopasowane do wieku i poziomu<br>\u2022 rozw\u00f3j si\u0142y i wytrzyma\u0142o\u015bci w praktyce, nie tylko na papierze<br>\u2022 ma\u0142e gry i sytuacje meczowe zamiast schemat\u00f3w \u201ena sucho\u201d<br>\u2022 ci\u0105g\u0142a obserwacja i realna ocena post\u0119p\u00f3w<br>\u2022 po\u0142\u0105czenie treningu z gr\u0105 (turnieje, sparingi, wyjazdy)<\/p>\n\n\n\n<p><\/p>\n\n\n\n<p>Nasze podej\u015bcie<\/p>\n\n\n\n<p>Nie ma dw\u00f3ch takich samych zawodnik\u00f3w.<br>Dlatego ka\u017cdy rozwija si\u0119 u nas swoj\u0105 drog\u0105 \u2013 we w\u0142asnym tempie, ale w dobrym kierunku.<\/p>\n\n\n\n<p><\/p>\n\n\n\n<p>Efekt<\/p>\n\n\n\n<p>Zawodnik, kt\u00f3ry:<br>\u2022 jest przygotowany fizycznie (si\u0142a, wytrzyma\u0142o\u015b\u0107)<br>\u2022 rozumie gr\u0119<br>\u2022 podejmuje dobre decyzje<br>\u2022 jest pewny siebie i gotowy na wyzwania<\/p>\n\n\n\n<p><\/p>\n\n\n\n<p>Mocne zdanie na koniec:<\/p>\n\n\n\n<p>Trening dopasowany do zawodnika. Rozw\u00f3j, kt\u00f3ry wida\u0107 na boisku.<\/p>\n\n\n\n<p><\/p>\n","protected":false},"excerpt":{"rendered":"<p>METODOLOGIA SZKOLENIA Nasze szkolenie opiera si\u0119 na prostym za\u0142o\u017ceniu: rozwijamy kompletnego zawodnika. Nie skupiamy si\u0119 tylko na technice. Pracujemy nad ca\u0142o\u015bci\u0105 \u2013 cia\u0142em, g\u0142ow\u0105 i decyzjami na boisku. \u0141\u0105czymy nowoczesne podej\u015bcie do treningu z praktyk\u0105 wyniesion\u0105 z mi\u0119dzynarodowego \u015brodowiska pi\u0142karskiego. Na czym pracujemy: TechnikaPodanie, przyj\u0119cie, prowadzenie pi\u0142ki, gra 1 na 1 \u2013 fundament ka\u017cdego zawodnika&#8230;.<\/p>\n","protected":false},"author":1,"featured_media":0,"parent":0,"menu_order":0,"comment_status":"closed","ping_status":"closed","template":"","meta":{"_monsterinsights_skip_tracking":false,"_monsterinsights_sitenote_active":false,"_monsterinsights_sitenote_note":"","_monsterinsights_sitenote_category":0,"footnotes":""},"class_list":["post-815","page","type-page","status-publish","hentry"],"yoast_head":"<!-- This site is optimized with the Yoast SEO plugin v27.4 - https:\/\/yoast.com\/product\/yoast-seo-wordpress\/ -->\n<title>Metodologia - Globalfootballtalents<\/title>\n<meta name=\"robots\" content=\"index, follow, max-snippet:-1, max-image-preview:large, max-video-preview:-1\" \/>\n<link rel=\"canonical\" href=\"https:\/\/globalfootballtalents.pl\/?page_id=815\" \/>\n<meta property=\"og:locale\" content=\"pl_PL\" \/>\n<meta property=\"og:type\" content=\"article\" \/>\n<meta property=\"og:title\" content=\"Metodologia - Globalfootballtalents\" \/>\n<meta property=\"og:description\" content=\"METODOLOGIA SZKOLENIA Nasze szkolenie opiera si\u0119 na prostym za\u0142o\u017ceniu: rozwijamy kompletnego zawodnika. Nie skupiamy si\u0119 tylko na technice. Pracujemy nad ca\u0142o\u015bci\u0105 \u2013 cia\u0142em, g\u0142ow\u0105 i decyzjami na boisku. \u0141\u0105czymy nowoczesne podej\u015bcie do treningu z praktyk\u0105 wyniesion\u0105 z mi\u0119dzynarodowego \u015brodowiska pi\u0142karskiego. Na czym pracujemy: TechnikaPodanie, przyj\u0119cie, prowadzenie pi\u0142ki, gra 1 na 1 \u2013 fundament ka\u017cdego zawodnika....\" \/>\n<meta property=\"og:url\" content=\"https:\/\/globalfootballtalents.pl\/?page_id=815\" \/>\n<meta property=\"og:site_name\" content=\"Globalfootballtalents\" \/>\n<meta property=\"article:modified_time\" content=\"2026-03-31T18:47:24+00:00\" \/>\n<meta name=\"twitter:label1\" content=\"Szacowany czas czytania\" \/>\n\t<meta name=\"twitter:data1\" content=\"2 minuty\" \/>\n<script type=\"application\/ld+json\" class=\"yoast-schema-graph\">{\"@context\":\"https:\\\/\\\/schema.org\",\"@graph\":[{\"@type\":\"WebPage\",\"@id\":\"https:\\\/\\\/globalfootballtalents.pl\\\/?page_id=815\",\"url\":\"https:\\\/\\\/globalfootballtalents.pl\\\/?page_id=815\",\"name\":\"Metodologia - Globalfootballtalents\",\"isPartOf\":{\"@id\":\"https:\\\/\\\/globalfootballtalents.pl\\\/#website\"},\"datePublished\":\"2026-03-31T10:38:12+00:00\",\"dateModified\":\"2026-03-31T18:47:24+00:00\",\"breadcrumb\":{\"@id\":\"https:\\\/\\\/globalfootballtalents.pl\\\/?page_id=815#breadcrumb\"},\"inLanguage\":\"pl-PL\",\"potentialAction\":[{\"@type\":\"ReadAction\",\"target\":[\"https:\\\/\\\/globalfootballtalents.pl\\\/?page_id=815\"]}]},{\"@type\":\"BreadcrumbList\",\"@id\":\"https:\\\/\\\/globalfootballtalents.pl\\\/?page_id=815#breadcrumb\",\"itemListElement\":[{\"@type\":\"ListItem\",\"position\":1,\"name\":\"Home\",\"item\":\"https:\\\/\\\/globalfootballtalents.pl\\\/\"},{\"@type\":\"ListItem\",\"position\":2,\"name\":\"Metodologia\"}]},{\"@type\":\"WebSite\",\"@id\":\"https:\\\/\\\/globalfootballtalents.pl\\\/#website\",\"url\":\"https:\\\/\\\/globalfootballtalents.pl\\\/\",\"name\":\"Globalfootballtalents\",\"description\":\"GFT\",\"potentialAction\":[{\"@type\":\"SearchAction\",\"target\":{\"@type\":\"EntryPoint\",\"urlTemplate\":\"https:\\\/\\\/globalfootballtalents.pl\\\/?s={search_term_string}\"},\"query-input\":{\"@type\":\"PropertyValueSpecification\",\"valueRequired\":true,\"valueName\":\"search_term_string\"}}],\"inLanguage\":\"pl-PL\"}]}<\/script>\n<!-- \/ Yoast SEO plugin. -->","yoast_head_json":{"title":"Metodologia - Globalfootballtalents","robots":{"index":"index","follow":"follow","max-snippet":"max-snippet:-1","max-image-preview":"max-image-preview:large","max-video-preview":"max-video-preview:-1"},"canonical":"https:\/\/globalfootballtalents.pl\/?page_id=815","og_locale":"pl_PL","og_type":"article","og_title":"Metodologia - Globalfootballtalents","og_description":"METODOLOGIA SZKOLENIA Nasze szkolenie opiera si\u0119 na prostym za\u0142o\u017ceniu: rozwijamy kompletnego zawodnika. Nie skupiamy si\u0119 tylko na technice. Pracujemy nad ca\u0142o\u015bci\u0105 \u2013 cia\u0142em, g\u0142ow\u0105 i decyzjami na boisku. \u0141\u0105czymy nowoczesne podej\u015bcie do treningu z praktyk\u0105 wyniesion\u0105 z mi\u0119dzynarodowego \u015brodowiska pi\u0142karskiego. Na czym pracujemy: TechnikaPodanie, przyj\u0119cie, prowadzenie pi\u0142ki, gra 1 na 1 \u2013 fundament ka\u017cdego zawodnika....","og_url":"https:\/\/globalfootballtalents.pl\/?page_id=815","og_site_name":"Globalfootballtalents","article_modified_time":"2026-03-31T18:47:24+00:00","twitter_misc":{"Szacowany czas czytania":"2 minuty"},"schema":{"@context":"https:\/\/schema.org","@graph":[{"@type":"WebPage","@id":"https:\/\/globalfootballtalents.pl\/?page_id=815","url":"https:\/\/globalfootballtalents.pl\/?page_id=815","name":"Metodologia - Globalfootballtalents","isPartOf":{"@id":"https:\/\/globalfootballtalents.pl\/#website"},"datePublished":"2026-03-31T10:38:12+00:00","dateModified":"2026-03-31T18:47:24+00:00","breadcrumb":{"@id":"https:\/\/globalfootballtalents.pl\/?page_id=815#breadcrumb"},"inLanguage":"pl-PL","potentialAction":[{"@type":"ReadAction","target":["https:\/\/globalfootballtalents.pl\/?page_id=815"]}]},{"@type":"BreadcrumbList","@id":"https:\/\/globalfootballtalents.pl\/?page_id=815#breadcrumb","itemListElement":[{"@type":"ListItem","position":1,"name":"Home","item":"https:\/\/globalfootballtalents.pl\/"},{"@type":"ListItem","position":2,"name":"Metodologia"}]},{"@type":"WebSite","@id":"https:\/\/globalfootballtalents.pl\/#website","url":"https:\/\/globalfootballtalents.pl\/","name":"Globalfootballtalents","description":"GFT","potentialAction":[{"@type":"SearchAction","target":{"@type":"EntryPoint","urlTemplate":"https:\/\/globalfootballtalents.pl\/?s={search_term_string}"},"query-input":{"@type":"PropertyValueSpecification","valueRequired":true,"valueName":"search_term_string"}}],"inLanguage":"pl-PL"}]}},"_links":{"self":[{"href":"https:\/\/globalfootballtalents.pl\/index.php?rest_route=\/wp\/v2\/pages\/815","targetHints":{"allow":["GET"]}}],"collection":[{"href":"https:\/\/globalfootballtalents.pl\/index.php?rest_route=\/wp\/v2\/pages"}],"about":[{"href":"https:\/\/globalfootballtalents.pl\/index.php?rest_route=\/wp\/v2\/types\/page"}],"author":[{"embeddable":true,"href":"https:\/\/globalfootballtalents.pl\/index.php?rest_route=\/wp\/v2\/users\/1"}],"replies":[{"embeddable":true,"href":"https:\/\/globalfootballtalents.pl\/index.php?rest_route=%2Fwp%2Fv2%2Fcomments&post=815"}],"version-history":[{"count":2,"href":"https:\/\/globalfootballtalents.pl\/index.php?rest_route=\/wp\/v2\/pages\/815\/revisions"}],"predecessor-version":[{"id":845,"href":"https:\/\/globalfootballtalents.pl\/index.php?rest_route=\/wp\/v2\/pages\/815\/revisions\/845"}],"wp:attachment":[{"href":"https:\/\/globalfootballtalents.pl\/index.php?rest_route=%2Fwp%2Fv2%2Fmedia&parent=815"}],"curies":[{"name":"wp","href":"https:\/\/api.w.org\/{rel}","templated":true}]}}