{"id":810,"date":"2026-03-31T12:36:03","date_gmt":"2026-03-31T10:36:03","guid":{"rendered":"https:\/\/globalfootballtalents.pl\/?page_id=810"},"modified":"2026-03-31T12:36:06","modified_gmt":"2026-03-31T10:36:06","slug":"cmr-selekcja-talentow","status":"publish","type":"page","link":"https:\/\/globalfootballtalents.pl\/?page_id=810","title":{"rendered":"CMR-Selekcja Talent\u00f3w"},"content":{"rendered":"\n<p>CMR \u2013 SELEKCJA TALENT\u00d3W<\/p>\n\n\n\n<p>CMR to nasz system identyfikacji i rozwoju talent\u00f3w.<\/p>\n\n\n\n<p>To nie jest zwyk\u0142y trening ani przypadkowy nab\u00f3r. To proces, w kt\u00f3rym analizujemy zawodnika, jego potencja\u0142 i mo\u017cliwo\u015bci wej\u015bcia na wy\u017cszy poziom.<\/p>\n\n\n\n<p>Szukamy zawodnik\u00f3w, kt\u00f3rzy maj\u0105 co\u015b wi\u0119cej \u2013 nie tylko umiej\u0119tno\u015bci, ale te\u017c charakter, zaanga\u017cowanie i mentalno\u015b\u0107.<\/p>\n\n\n\n<p>\u2e3b<\/p>\n\n\n\n<p>Jak dzia\u0142a CMR:<br>\u2022 obserwacja zawodnika podczas trening\u00f3w i turniej\u00f3w<br>\u2022 indywidualna ocena umiej\u0119tno\u015bci i potencja\u0142u<br>\u2022 analiza decyzji na boisku i sposobu gry<br>\u2022 selekcja do grup rozwojowych<br>\u2022 mo\u017cliwo\u015b\u0107 udzia\u0142u w projektach mi\u0119dzynarodowych<\/p>\n\n\n\n<p>\u2e3b<\/p>\n\n\n\n<p>Co daje udzia\u0142 w CMR:<br>\u2022 realn\u0105 szans\u0119 na rozw\u00f3j na wy\u017cszym poziomie<br>\u2022 indywidualne podej\u015bcie i prowadzenie zawodnika<br>\u2022 dost\u0119p do wyjazd\u00f3w i test\u00f3w zagranicznych<br>\u2022 kontakt z trenerami i \u015brodowiskiem mi\u0119dzynarodowym<br>\u2022 jasn\u0105 \u015bcie\u017ck\u0119 rozwoju<\/p>\n\n\n\n<p>\u2e3b<\/p>\n\n\n\n<p>Nasze podej\u015bcie<\/p>\n\n\n\n<p>Nie szukamy \u201egotowych gwiazd\u201d.<br>Szukamy zawodnik\u00f3w, kt\u00f3rzy chc\u0105 pracowa\u0107 i maj\u0105 potencja\u0142, \u017ceby zaj\u015b\u0107 dalej.<\/p>\n\n\n\n<p>Bo talent to dopiero pocz\u0105tek. Liczy si\u0119 to, co z nim zrobisz.<\/p>\n\n\n\n<p>\u2e3b<\/p>\n\n\n\n<p>Dla kogo jest CMR:<\/p>\n\n\n\n<p>Dla zawodnik\u00f3w, kt\u00f3rzy chc\u0105 czego\u015b wi\u0119cej ni\u017c standardowego treningu.<br>Dla tych, kt\u00f3rzy s\u0105 gotowi wej\u015b\u0107 poziom wy\u017cej.<\/p>\n\n\n\n<p>\u2e3b<\/p>\n\n\n\n<p>Mocne zdanie na koniec:<\/p>\n\n\n\n<p>Nie obiecujemy drogi na skr\u00f3ty. Dajemy realn\u0105 szans\u0119.<\/p>\n","protected":false},"excerpt":{"rendered":"<p>CMR \u2013 SELEKCJA TALENT\u00d3W CMR to nasz system identyfikacji i rozwoju talent\u00f3w. To nie jest zwyk\u0142y trening ani przypadkowy nab\u00f3r. To proces, w kt\u00f3rym analizujemy zawodnika, jego potencja\u0142 i mo\u017cliwo\u015bci wej\u015bcia na wy\u017cszy poziom. Szukamy zawodnik\u00f3w, kt\u00f3rzy maj\u0105 co\u015b wi\u0119cej \u2013 nie tylko umiej\u0119tno\u015bci, ale te\u017c charakter, zaanga\u017cowanie i mentalno\u015b\u0107. \u2e3b Jak dzia\u0142a CMR:\u2022 obserwacja&#8230;<\/p>\n","protected":false},"author":1,"featured_media":0,"parent":0,"menu_order":0,"comment_status":"closed","ping_status":"closed","template":"","meta":{"_monsterinsights_skip_tracking":false,"_monsterinsights_sitenote_active":false,"_monsterinsights_sitenote_note":"","_monsterinsights_sitenote_category":0,"footnotes":""},"class_list":["post-810","page","type-page","status-publish","hentry"],"yoast_head":"<!-- This site is optimized with the Yoast SEO plugin v27.4 - https:\/\/yoast.com\/product\/yoast-seo-wordpress\/ -->\n<title>CMR-Selekcja Talent\u00f3w - Globalfootballtalents<\/title>\n<meta name=\"robots\" content=\"index, follow, max-snippet:-1, max-image-preview:large, max-video-preview:-1\" \/>\n<link rel=\"canonical\" href=\"https:\/\/globalfootballtalents.pl\/?page_id=810\" \/>\n<meta property=\"og:locale\" content=\"pl_PL\" \/>\n<meta property=\"og:type\" content=\"article\" \/>\n<meta property=\"og:title\" content=\"CMR-Selekcja Talent\u00f3w - Globalfootballtalents\" \/>\n<meta property=\"og:description\" content=\"CMR \u2013 SELEKCJA TALENT\u00d3W CMR to nasz system identyfikacji i rozwoju talent\u00f3w. To nie jest zwyk\u0142y trening ani przypadkowy nab\u00f3r. To proces, w kt\u00f3rym analizujemy zawodnika, jego potencja\u0142 i mo\u017cliwo\u015bci wej\u015bcia na wy\u017cszy poziom. Szukamy zawodnik\u00f3w, kt\u00f3rzy maj\u0105 co\u015b wi\u0119cej \u2013 nie tylko umiej\u0119tno\u015bci, ale te\u017c charakter, zaanga\u017cowanie i mentalno\u015b\u0107. \u2e3b Jak dzia\u0142a CMR:\u2022 obserwacja...\" \/>\n<meta property=\"og:url\" content=\"https:\/\/globalfootballtalents.pl\/?page_id=810\" \/>\n<meta property=\"og:site_name\" content=\"Globalfootballtalents\" \/>\n<meta property=\"article:modified_time\" content=\"2026-03-31T10:36:06+00:00\" \/>\n<meta name=\"twitter:label1\" content=\"Szacowany czas czytania\" \/>\n\t<meta name=\"twitter:data1\" content=\"2 minuty\" \/>\n<script type=\"application\/ld+json\" class=\"yoast-schema-graph\">{\"@context\":\"https:\\\/\\\/schema.org\",\"@graph\":[{\"@type\":\"WebPage\",\"@id\":\"https:\\\/\\\/globalfootballtalents.pl\\\/?page_id=810\",\"url\":\"https:\\\/\\\/globalfootballtalents.pl\\\/?page_id=810\",\"name\":\"CMR-Selekcja Talent\u00f3w - Globalfootballtalents\",\"isPartOf\":{\"@id\":\"https:\\\/\\\/globalfootballtalents.pl\\\/#website\"},\"datePublished\":\"2026-03-31T10:36:03+00:00\",\"dateModified\":\"2026-03-31T10:36:06+00:00\",\"breadcrumb\":{\"@id\":\"https:\\\/\\\/globalfootballtalents.pl\\\/?page_id=810#breadcrumb\"},\"inLanguage\":\"pl-PL\",\"potentialAction\":[{\"@type\":\"ReadAction\",\"target\":[\"https:\\\/\\\/globalfootballtalents.pl\\\/?page_id=810\"]}]},{\"@type\":\"BreadcrumbList\",\"@id\":\"https:\\\/\\\/globalfootballtalents.pl\\\/?page_id=810#breadcrumb\",\"itemListElement\":[{\"@type\":\"ListItem\",\"position\":1,\"name\":\"Home\",\"item\":\"https:\\\/\\\/globalfootballtalents.pl\\\/\"},{\"@type\":\"ListItem\",\"position\":2,\"name\":\"CMR-Selekcja Talent\u00f3w\"}]},{\"@type\":\"WebSite\",\"@id\":\"https:\\\/\\\/globalfootballtalents.pl\\\/#website\",\"url\":\"https:\\\/\\\/globalfootballtalents.pl\\\/\",\"name\":\"Globalfootballtalents\",\"description\":\"GFT\",\"potentialAction\":[{\"@type\":\"SearchAction\",\"target\":{\"@type\":\"EntryPoint\",\"urlTemplate\":\"https:\\\/\\\/globalfootballtalents.pl\\\/?s={search_term_string}\"},\"query-input\":{\"@type\":\"PropertyValueSpecification\",\"valueRequired\":true,\"valueName\":\"search_term_string\"}}],\"inLanguage\":\"pl-PL\"}]}<\/script>\n<!-- \/ Yoast SEO plugin. -->","yoast_head_json":{"title":"CMR-Selekcja Talent\u00f3w - Globalfootballtalents","robots":{"index":"index","follow":"follow","max-snippet":"max-snippet:-1","max-image-preview":"max-image-preview:large","max-video-preview":"max-video-preview:-1"},"canonical":"https:\/\/globalfootballtalents.pl\/?page_id=810","og_locale":"pl_PL","og_type":"article","og_title":"CMR-Selekcja Talent\u00f3w - Globalfootballtalents","og_description":"CMR \u2013 SELEKCJA TALENT\u00d3W CMR to nasz system identyfikacji i rozwoju talent\u00f3w. To nie jest zwyk\u0142y trening ani przypadkowy nab\u00f3r. To proces, w kt\u00f3rym analizujemy zawodnika, jego potencja\u0142 i mo\u017cliwo\u015bci wej\u015bcia na wy\u017cszy poziom. Szukamy zawodnik\u00f3w, kt\u00f3rzy maj\u0105 co\u015b wi\u0119cej \u2013 nie tylko umiej\u0119tno\u015bci, ale te\u017c charakter, zaanga\u017cowanie i mentalno\u015b\u0107. \u2e3b Jak dzia\u0142a CMR:\u2022 obserwacja...","og_url":"https:\/\/globalfootballtalents.pl\/?page_id=810","og_site_name":"Globalfootballtalents","article_modified_time":"2026-03-31T10:36:06+00:00","twitter_misc":{"Szacowany czas czytania":"2 minuty"},"schema":{"@context":"https:\/\/schema.org","@graph":[{"@type":"WebPage","@id":"https:\/\/globalfootballtalents.pl\/?page_id=810","url":"https:\/\/globalfootballtalents.pl\/?page_id=810","name":"CMR-Selekcja Talent\u00f3w - Globalfootballtalents","isPartOf":{"@id":"https:\/\/globalfootballtalents.pl\/#website"},"datePublished":"2026-03-31T10:36:03+00:00","dateModified":"2026-03-31T10:36:06+00:00","breadcrumb":{"@id":"https:\/\/globalfootballtalents.pl\/?page_id=810#breadcrumb"},"inLanguage":"pl-PL","potentialAction":[{"@type":"ReadAction","target":["https:\/\/globalfootballtalents.pl\/?page_id=810"]}]},{"@type":"BreadcrumbList","@id":"https:\/\/globalfootballtalents.pl\/?page_id=810#breadcrumb","itemListElement":[{"@type":"ListItem","position":1,"name":"Home","item":"https:\/\/globalfootballtalents.pl\/"},{"@type":"ListItem","position":2,"name":"CMR-Selekcja Talent\u00f3w"}]},{"@type":"WebSite","@id":"https:\/\/globalfootballtalents.pl\/#website","url":"https:\/\/globalfootballtalents.pl\/","name":"Globalfootballtalents","description":"GFT","potentialAction":[{"@type":"SearchAction","target":{"@type":"EntryPoint","urlTemplate":"https:\/\/globalfootballtalents.pl\/?s={search_term_string}"},"query-input":{"@type":"PropertyValueSpecification","valueRequired":true,"valueName":"search_term_string"}}],"inLanguage":"pl-PL"}]}},"_links":{"self":[{"href":"https:\/\/globalfootballtalents.pl\/index.php?rest_route=\/wp\/v2\/pages\/810","targetHints":{"allow":["GET"]}}],"collection":[{"href":"https:\/\/globalfootballtalents.pl\/index.php?rest_route=\/wp\/v2\/pages"}],"about":[{"href":"https:\/\/globalfootballtalents.pl\/index.php?rest_route=\/wp\/v2\/types\/page"}],"author":[{"embeddable":true,"href":"https:\/\/globalfootballtalents.pl\/index.php?rest_route=\/wp\/v2\/users\/1"}],"replies":[{"embeddable":true,"href":"https:\/\/globalfootballtalents.pl\/index.php?rest_route=%2Fwp%2Fv2%2Fcomments&post=810"}],"version-history":[{"count":1,"href":"https:\/\/globalfootballtalents.pl\/index.php?rest_route=\/wp\/v2\/pages\/810\/revisions"}],"predecessor-version":[{"id":811,"href":"https:\/\/globalfootballtalents.pl\/index.php?rest_route=\/wp\/v2\/pages\/810\/revisions\/811"}],"wp:attachment":[{"href":"https:\/\/globalfootballtalents.pl\/index.php?rest_route=%2Fwp%2Fv2%2Fmedia&parent=810"}],"curies":[{"name":"wp","href":"https:\/\/api.w.org\/{rel}","templated":true}]}}