{"id":805,"date":"2026-03-31T12:33:58","date_gmt":"2026-03-31T10:33:58","guid":{"rendered":"https:\/\/globalfootballtalents.pl\/?page_id=805"},"modified":"2026-03-31T12:34:00","modified_gmt":"2026-03-31T10:34:00","slug":"turnieje-pilkarskie","status":"publish","type":"page","link":"https:\/\/globalfootballtalents.pl\/?page_id=805","title":{"rendered":"Turnieje Pi\u0142karskie"},"content":{"rendered":"\n<p>TURNIEJE PI\u0141KARSKIE<\/p>\n\n\n\n<p>Turnieje to moment prawdy. Tu wychodzi wszystko \u2013 umiej\u0119tno\u015bci, charakter i decyzje pod presj\u0105.<\/p>\n\n\n\n<p>Organizujemy i bierzemy udzia\u0142 w turniejach w Polsce i za granic\u0105. Dajemy zawodnikom mo\u017cliwo\u015b\u0107 rywalizacji z r\u00f3\u017cnymi stylami gry i przeciwnikami na wysokim poziomie.<\/p>\n\n\n\n<p>To nie tylko mecze. To do\u015bwiadczenie, kt\u00f3re buduje pewno\u015b\u0107 siebie i uczy wygrywa\u0107 \u2013 ale te\u017c radzi\u0107 sobie z pora\u017ck\u0105.<\/p>\n\n\n\n<p>Co daj\u0105 nasze turnieje:<br>\u2022 rywalizacj\u0119 na wysokim poziomie<br>\u2022 kontakt z dru\u017cynami z r\u00f3\u017cnych kraj\u00f3w<br>\u2022 mo\u017cliwo\u015b\u0107 pokazania si\u0119 trenerom i skautom<br>\u2022 nauk\u0119 gry pod presj\u0105<br>\u2022 budowanie mentalno\u015bci zwyci\u0119zcy<br>\u2022 realne sprawdzenie swoich umiej\u0119tno\u015bci<\/p>\n\n\n\n<p>Jak podchodzimy do turniej\u00f3w:<\/p>\n\n\n\n<p>Nie jedziemy \u201etylko zagra\u0107\u201d.<br>Jedziemy si\u0119 pokaza\u0107, sprawdzi\u0107 i zrobi\u0107 krok dalej.<\/p>\n\n\n\n<p>Ka\u017cdy turniej to element wi\u0119kszej drogi zawodnika.<\/p>\n\n\n\n<p>Dla kogo:<\/p>\n\n\n\n<p>Dla zawodnik\u00f3w, kt\u00f3rzy chc\u0105 rywalizacji, emocji i prawdziwego testu swoich umiej\u0119tno\u015bci.<\/p>\n\n\n\n<p>\u2e3b<\/p>\n\n\n\n<p>Boisko nie k\u0142amie. Tu pokazujesz, kim jeste\u015b jako zawodnik.<\/p>\n","protected":false},"excerpt":{"rendered":"<p>TURNIEJE PI\u0141KARSKIE Turnieje to moment prawdy. Tu wychodzi wszystko \u2013 umiej\u0119tno\u015bci, charakter i decyzje pod presj\u0105. Organizujemy i bierzemy udzia\u0142 w turniejach w Polsce i za granic\u0105. Dajemy zawodnikom mo\u017cliwo\u015b\u0107 rywalizacji z r\u00f3\u017cnymi stylami gry i przeciwnikami na wysokim poziomie. To nie tylko mecze. To do\u015bwiadczenie, kt\u00f3re buduje pewno\u015b\u0107 siebie i uczy wygrywa\u0107 \u2013 ale&#8230;<\/p>\n","protected":false},"author":1,"featured_media":0,"parent":0,"menu_order":0,"comment_status":"closed","ping_status":"closed","template":"","meta":{"_monsterinsights_skip_tracking":false,"_monsterinsights_sitenote_active":false,"_monsterinsights_sitenote_note":"","_monsterinsights_sitenote_category":0,"footnotes":""},"class_list":["post-805","page","type-page","status-publish","hentry"],"yoast_head":"<!-- This site is optimized with the Yoast SEO plugin v27.4 - https:\/\/yoast.com\/product\/yoast-seo-wordpress\/ -->\n<title>Turnieje Pi\u0142karskie - Globalfootballtalents<\/title>\n<meta name=\"robots\" content=\"index, follow, max-snippet:-1, max-image-preview:large, max-video-preview:-1\" \/>\n<link rel=\"canonical\" href=\"https:\/\/globalfootballtalents.pl\/?page_id=805\" \/>\n<meta property=\"og:locale\" content=\"pl_PL\" \/>\n<meta property=\"og:type\" content=\"article\" \/>\n<meta property=\"og:title\" content=\"Turnieje Pi\u0142karskie - Globalfootballtalents\" \/>\n<meta property=\"og:description\" content=\"TURNIEJE PI\u0141KARSKIE Turnieje to moment prawdy. Tu wychodzi wszystko \u2013 umiej\u0119tno\u015bci, charakter i decyzje pod presj\u0105. Organizujemy i bierzemy udzia\u0142 w turniejach w Polsce i za granic\u0105. Dajemy zawodnikom mo\u017cliwo\u015b\u0107 rywalizacji z r\u00f3\u017cnymi stylami gry i przeciwnikami na wysokim poziomie. To nie tylko mecze. To do\u015bwiadczenie, kt\u00f3re buduje pewno\u015b\u0107 siebie i uczy wygrywa\u0107 \u2013 ale...\" \/>\n<meta property=\"og:url\" content=\"https:\/\/globalfootballtalents.pl\/?page_id=805\" \/>\n<meta property=\"og:site_name\" content=\"Globalfootballtalents\" \/>\n<meta property=\"article:modified_time\" content=\"2026-03-31T10:34:00+00:00\" \/>\n<meta name=\"twitter:label1\" content=\"Szacowany czas czytania\" \/>\n\t<meta name=\"twitter:data1\" content=\"1 minuta\" \/>\n<script type=\"application\/ld+json\" class=\"yoast-schema-graph\">{\"@context\":\"https:\\\/\\\/schema.org\",\"@graph\":[{\"@type\":\"WebPage\",\"@id\":\"https:\\\/\\\/globalfootballtalents.pl\\\/?page_id=805\",\"url\":\"https:\\\/\\\/globalfootballtalents.pl\\\/?page_id=805\",\"name\":\"Turnieje Pi\u0142karskie - Globalfootballtalents\",\"isPartOf\":{\"@id\":\"https:\\\/\\\/globalfootballtalents.pl\\\/#website\"},\"datePublished\":\"2026-03-31T10:33:58+00:00\",\"dateModified\":\"2026-03-31T10:34:00+00:00\",\"breadcrumb\":{\"@id\":\"https:\\\/\\\/globalfootballtalents.pl\\\/?page_id=805#breadcrumb\"},\"inLanguage\":\"pl-PL\",\"potentialAction\":[{\"@type\":\"ReadAction\",\"target\":[\"https:\\\/\\\/globalfootballtalents.pl\\\/?page_id=805\"]}]},{\"@type\":\"BreadcrumbList\",\"@id\":\"https:\\\/\\\/globalfootballtalents.pl\\\/?page_id=805#breadcrumb\",\"itemListElement\":[{\"@type\":\"ListItem\",\"position\":1,\"name\":\"Home\",\"item\":\"https:\\\/\\\/globalfootballtalents.pl\\\/\"},{\"@type\":\"ListItem\",\"position\":2,\"name\":\"Turnieje Pi\u0142karskie\"}]},{\"@type\":\"WebSite\",\"@id\":\"https:\\\/\\\/globalfootballtalents.pl\\\/#website\",\"url\":\"https:\\\/\\\/globalfootballtalents.pl\\\/\",\"name\":\"Globalfootballtalents\",\"description\":\"GFT\",\"potentialAction\":[{\"@type\":\"SearchAction\",\"target\":{\"@type\":\"EntryPoint\",\"urlTemplate\":\"https:\\\/\\\/globalfootballtalents.pl\\\/?s={search_term_string}\"},\"query-input\":{\"@type\":\"PropertyValueSpecification\",\"valueRequired\":true,\"valueName\":\"search_term_string\"}}],\"inLanguage\":\"pl-PL\"}]}<\/script>\n<!-- \/ Yoast SEO plugin. -->","yoast_head_json":{"title":"Turnieje Pi\u0142karskie - Globalfootballtalents","robots":{"index":"index","follow":"follow","max-snippet":"max-snippet:-1","max-image-preview":"max-image-preview:large","max-video-preview":"max-video-preview:-1"},"canonical":"https:\/\/globalfootballtalents.pl\/?page_id=805","og_locale":"pl_PL","og_type":"article","og_title":"Turnieje Pi\u0142karskie - Globalfootballtalents","og_description":"TURNIEJE PI\u0141KARSKIE Turnieje to moment prawdy. Tu wychodzi wszystko \u2013 umiej\u0119tno\u015bci, charakter i decyzje pod presj\u0105. Organizujemy i bierzemy udzia\u0142 w turniejach w Polsce i za granic\u0105. Dajemy zawodnikom mo\u017cliwo\u015b\u0107 rywalizacji z r\u00f3\u017cnymi stylami gry i przeciwnikami na wysokim poziomie. To nie tylko mecze. To do\u015bwiadczenie, kt\u00f3re buduje pewno\u015b\u0107 siebie i uczy wygrywa\u0107 \u2013 ale...","og_url":"https:\/\/globalfootballtalents.pl\/?page_id=805","og_site_name":"Globalfootballtalents","article_modified_time":"2026-03-31T10:34:00+00:00","twitter_misc":{"Szacowany czas czytania":"1 minuta"},"schema":{"@context":"https:\/\/schema.org","@graph":[{"@type":"WebPage","@id":"https:\/\/globalfootballtalents.pl\/?page_id=805","url":"https:\/\/globalfootballtalents.pl\/?page_id=805","name":"Turnieje Pi\u0142karskie - Globalfootballtalents","isPartOf":{"@id":"https:\/\/globalfootballtalents.pl\/#website"},"datePublished":"2026-03-31T10:33:58+00:00","dateModified":"2026-03-31T10:34:00+00:00","breadcrumb":{"@id":"https:\/\/globalfootballtalents.pl\/?page_id=805#breadcrumb"},"inLanguage":"pl-PL","potentialAction":[{"@type":"ReadAction","target":["https:\/\/globalfootballtalents.pl\/?page_id=805"]}]},{"@type":"BreadcrumbList","@id":"https:\/\/globalfootballtalents.pl\/?page_id=805#breadcrumb","itemListElement":[{"@type":"ListItem","position":1,"name":"Home","item":"https:\/\/globalfootballtalents.pl\/"},{"@type":"ListItem","position":2,"name":"Turnieje Pi\u0142karskie"}]},{"@type":"WebSite","@id":"https:\/\/globalfootballtalents.pl\/#website","url":"https:\/\/globalfootballtalents.pl\/","name":"Globalfootballtalents","description":"GFT","potentialAction":[{"@type":"SearchAction","target":{"@type":"EntryPoint","urlTemplate":"https:\/\/globalfootballtalents.pl\/?s={search_term_string}"},"query-input":{"@type":"PropertyValueSpecification","valueRequired":true,"valueName":"search_term_string"}}],"inLanguage":"pl-PL"}]}},"_links":{"self":[{"href":"https:\/\/globalfootballtalents.pl\/index.php?rest_route=\/wp\/v2\/pages\/805","targetHints":{"allow":["GET"]}}],"collection":[{"href":"https:\/\/globalfootballtalents.pl\/index.php?rest_route=\/wp\/v2\/pages"}],"about":[{"href":"https:\/\/globalfootballtalents.pl\/index.php?rest_route=\/wp\/v2\/types\/page"}],"author":[{"embeddable":true,"href":"https:\/\/globalfootballtalents.pl\/index.php?rest_route=\/wp\/v2\/users\/1"}],"replies":[{"embeddable":true,"href":"https:\/\/globalfootballtalents.pl\/index.php?rest_route=%2Fwp%2Fv2%2Fcomments&post=805"}],"version-history":[{"count":1,"href":"https:\/\/globalfootballtalents.pl\/index.php?rest_route=\/wp\/v2\/pages\/805\/revisions"}],"predecessor-version":[{"id":806,"href":"https:\/\/globalfootballtalents.pl\/index.php?rest_route=\/wp\/v2\/pages\/805\/revisions\/806"}],"wp:attachment":[{"href":"https:\/\/globalfootballtalents.pl\/index.php?rest_route=%2Fwp%2Fv2%2Fmedia&parent=805"}],"curies":[{"name":"wp","href":"https:\/\/api.w.org\/{rel}","templated":true}]}}