{"id":797,"date":"2026-03-31T12:30:24","date_gmt":"2026-03-31T10:30:24","guid":{"rendered":"https:\/\/globalfootballtalents.pl\/?page_id=797"},"modified":"2026-03-31T20:19:44","modified_gmt":"2026-03-31T18:19:44","slug":"obozy-sportowe","status":"publish","type":"page","link":"https:\/\/globalfootballtalents.pl\/?page_id=797","title":{"rendered":"Obozy Sportowe"},"content":{"rendered":"\n<p>OBOZY SPORTOWE<\/p>\n\n\n\n<p>Nasze obozy to co\u015b wi\u0119cej ni\u017c wyjazd. To intensywny czas rozwoju, pracy i do\u015bwiadczenia prawdziwego futbolu.<\/p>\n\n\n\n<p>Trenujemy, rywalizujemy i uczymy si\u0119 w \u015brodowisku, kt\u00f3re motywuje do wej\u015bcia poziom wy\u017cej. Ka\u017cdy dzie\u0144 jest zaplanowany tak, \u017ceby zawodnik wraca\u0142 lepszy \u2013 fizycznie, technicznie i mentalnie.<\/p>\n\n\n\n<p>Organizujemy obozy w Polsce i za granic\u0105 \u2013 m.in. w Hiszpanii, W\u0142oszech i Holandii.<\/p>\n\n\n\n<p>Co czeka zawodnika:<br>\u2022 codzienne treningi pi\u0142karskie<br>\u2022 zaj\u0119cia motoryczne i przygotowanie fizyczne<br>\u2022 gry i sparingi<br>\u2022 analiza gry i wskaz\u00f3wki indywidualne<br>\u2022 integracja i budowanie zespo\u0142u<br>\u2022 kontakt z mi\u0119dzynarodowym \u015brodowiskiem pi\u0142karskim<\/p>\n\n\n\n<p>Dlaczego warto:<\/p>\n\n\n\n<p>Bo tu nie ma przypadku.<br>Ka\u017cdy trening, ka\u017cda gra i ka\u017cdy dzie\u0144 maj\u0105 sens.<\/p>\n\n\n\n<p>Zawodnik nie tylko trenuje \u2013 zaczyna rozumie\u0107 pi\u0142k\u0119, swoje decyzje i swoj\u0105 rol\u0119 na boisku.<\/p>\n\n\n\n<p>Dla kogo s\u0105 obozy: Dla ka\u017cdego, kto chce i\u015b\u0107 dalej ni\u017c standardowy trening.<br>Dla tych, kt\u00f3rzy naprawd\u0119 chc\u0105 si\u0119 rozwija\u0107.<\/p>\n","protected":false},"excerpt":{"rendered":"<p>OBOZY SPORTOWE Nasze obozy to co\u015b wi\u0119cej ni\u017c wyjazd. To intensywny czas rozwoju, pracy i do\u015bwiadczenia prawdziwego futbolu. Trenujemy, rywalizujemy i uczymy si\u0119 w \u015brodowisku, kt\u00f3re motywuje do wej\u015bcia poziom wy\u017cej. Ka\u017cdy dzie\u0144 jest zaplanowany tak, \u017ceby zawodnik wraca\u0142 lepszy \u2013 fizycznie, technicznie i mentalnie. Organizujemy obozy w Polsce i za granic\u0105 \u2013 m.in. w&#8230;<\/p>\n","protected":false},"author":1,"featured_media":0,"parent":0,"menu_order":0,"comment_status":"closed","ping_status":"closed","template":"","meta":{"_monsterinsights_skip_tracking":false,"_monsterinsights_sitenote_active":false,"_monsterinsights_sitenote_note":"","_monsterinsights_sitenote_category":0,"footnotes":""},"class_list":["post-797","page","type-page","status-publish","hentry"],"yoast_head":"<!-- This site is optimized with the Yoast SEO plugin v27.4 - https:\/\/yoast.com\/product\/yoast-seo-wordpress\/ -->\n<title>Obozy Sportowe - Globalfootballtalents<\/title>\n<meta name=\"robots\" content=\"index, follow, max-snippet:-1, max-image-preview:large, max-video-preview:-1\" \/>\n<link rel=\"canonical\" href=\"https:\/\/globalfootballtalents.pl\/?page_id=797\" \/>\n<meta property=\"og:locale\" content=\"pl_PL\" \/>\n<meta property=\"og:type\" content=\"article\" \/>\n<meta property=\"og:title\" content=\"Obozy Sportowe - Globalfootballtalents\" \/>\n<meta property=\"og:description\" content=\"OBOZY SPORTOWE Nasze obozy to co\u015b wi\u0119cej ni\u017c wyjazd. To intensywny czas rozwoju, pracy i do\u015bwiadczenia prawdziwego futbolu. Trenujemy, rywalizujemy i uczymy si\u0119 w \u015brodowisku, kt\u00f3re motywuje do wej\u015bcia poziom wy\u017cej. Ka\u017cdy dzie\u0144 jest zaplanowany tak, \u017ceby zawodnik wraca\u0142 lepszy \u2013 fizycznie, technicznie i mentalnie. Organizujemy obozy w Polsce i za granic\u0105 \u2013 m.in. w...\" \/>\n<meta property=\"og:url\" content=\"https:\/\/globalfootballtalents.pl\/?page_id=797\" \/>\n<meta property=\"og:site_name\" content=\"Globalfootballtalents\" \/>\n<meta property=\"article:modified_time\" content=\"2026-03-31T18:19:44+00:00\" \/>\n<meta name=\"twitter:label1\" content=\"Szacowany czas czytania\" \/>\n\t<meta name=\"twitter:data1\" content=\"1 minuta\" \/>\n<script type=\"application\/ld+json\" class=\"yoast-schema-graph\">{\"@context\":\"https:\\\/\\\/schema.org\",\"@graph\":[{\"@type\":\"WebPage\",\"@id\":\"https:\\\/\\\/globalfootballtalents.pl\\\/?page_id=797\",\"url\":\"https:\\\/\\\/globalfootballtalents.pl\\\/?page_id=797\",\"name\":\"Obozy Sportowe - Globalfootballtalents\",\"isPartOf\":{\"@id\":\"https:\\\/\\\/globalfootballtalents.pl\\\/#website\"},\"datePublished\":\"2026-03-31T10:30:24+00:00\",\"dateModified\":\"2026-03-31T18:19:44+00:00\",\"breadcrumb\":{\"@id\":\"https:\\\/\\\/globalfootballtalents.pl\\\/?page_id=797#breadcrumb\"},\"inLanguage\":\"pl-PL\",\"potentialAction\":[{\"@type\":\"ReadAction\",\"target\":[\"https:\\\/\\\/globalfootballtalents.pl\\\/?page_id=797\"]}]},{\"@type\":\"BreadcrumbList\",\"@id\":\"https:\\\/\\\/globalfootballtalents.pl\\\/?page_id=797#breadcrumb\",\"itemListElement\":[{\"@type\":\"ListItem\",\"position\":1,\"name\":\"Home\",\"item\":\"https:\\\/\\\/globalfootballtalents.pl\\\/\"},{\"@type\":\"ListItem\",\"position\":2,\"name\":\"Obozy Sportowe\"}]},{\"@type\":\"WebSite\",\"@id\":\"https:\\\/\\\/globalfootballtalents.pl\\\/#website\",\"url\":\"https:\\\/\\\/globalfootballtalents.pl\\\/\",\"name\":\"Globalfootballtalents\",\"description\":\"GFT\",\"potentialAction\":[{\"@type\":\"SearchAction\",\"target\":{\"@type\":\"EntryPoint\",\"urlTemplate\":\"https:\\\/\\\/globalfootballtalents.pl\\\/?s={search_term_string}\"},\"query-input\":{\"@type\":\"PropertyValueSpecification\",\"valueRequired\":true,\"valueName\":\"search_term_string\"}}],\"inLanguage\":\"pl-PL\"}]}<\/script>\n<!-- \/ Yoast SEO plugin. -->","yoast_head_json":{"title":"Obozy Sportowe - Globalfootballtalents","robots":{"index":"index","follow":"follow","max-snippet":"max-snippet:-1","max-image-preview":"max-image-preview:large","max-video-preview":"max-video-preview:-1"},"canonical":"https:\/\/globalfootballtalents.pl\/?page_id=797","og_locale":"pl_PL","og_type":"article","og_title":"Obozy Sportowe - Globalfootballtalents","og_description":"OBOZY SPORTOWE Nasze obozy to co\u015b wi\u0119cej ni\u017c wyjazd. To intensywny czas rozwoju, pracy i do\u015bwiadczenia prawdziwego futbolu. Trenujemy, rywalizujemy i uczymy si\u0119 w \u015brodowisku, kt\u00f3re motywuje do wej\u015bcia poziom wy\u017cej. Ka\u017cdy dzie\u0144 jest zaplanowany tak, \u017ceby zawodnik wraca\u0142 lepszy \u2013 fizycznie, technicznie i mentalnie. Organizujemy obozy w Polsce i za granic\u0105 \u2013 m.in. w...","og_url":"https:\/\/globalfootballtalents.pl\/?page_id=797","og_site_name":"Globalfootballtalents","article_modified_time":"2026-03-31T18:19:44+00:00","twitter_misc":{"Szacowany czas czytania":"1 minuta"},"schema":{"@context":"https:\/\/schema.org","@graph":[{"@type":"WebPage","@id":"https:\/\/globalfootballtalents.pl\/?page_id=797","url":"https:\/\/globalfootballtalents.pl\/?page_id=797","name":"Obozy Sportowe - Globalfootballtalents","isPartOf":{"@id":"https:\/\/globalfootballtalents.pl\/#website"},"datePublished":"2026-03-31T10:30:24+00:00","dateModified":"2026-03-31T18:19:44+00:00","breadcrumb":{"@id":"https:\/\/globalfootballtalents.pl\/?page_id=797#breadcrumb"},"inLanguage":"pl-PL","potentialAction":[{"@type":"ReadAction","target":["https:\/\/globalfootballtalents.pl\/?page_id=797"]}]},{"@type":"BreadcrumbList","@id":"https:\/\/globalfootballtalents.pl\/?page_id=797#breadcrumb","itemListElement":[{"@type":"ListItem","position":1,"name":"Home","item":"https:\/\/globalfootballtalents.pl\/"},{"@type":"ListItem","position":2,"name":"Obozy Sportowe"}]},{"@type":"WebSite","@id":"https:\/\/globalfootballtalents.pl\/#website","url":"https:\/\/globalfootballtalents.pl\/","name":"Globalfootballtalents","description":"GFT","potentialAction":[{"@type":"SearchAction","target":{"@type":"EntryPoint","urlTemplate":"https:\/\/globalfootballtalents.pl\/?s={search_term_string}"},"query-input":{"@type":"PropertyValueSpecification","valueRequired":true,"valueName":"search_term_string"}}],"inLanguage":"pl-PL"}]}},"_links":{"self":[{"href":"https:\/\/globalfootballtalents.pl\/index.php?rest_route=\/wp\/v2\/pages\/797","targetHints":{"allow":["GET"]}}],"collection":[{"href":"https:\/\/globalfootballtalents.pl\/index.php?rest_route=\/wp\/v2\/pages"}],"about":[{"href":"https:\/\/globalfootballtalents.pl\/index.php?rest_route=\/wp\/v2\/types\/page"}],"author":[{"embeddable":true,"href":"https:\/\/globalfootballtalents.pl\/index.php?rest_route=\/wp\/v2\/users\/1"}],"replies":[{"embeddable":true,"href":"https:\/\/globalfootballtalents.pl\/index.php?rest_route=%2Fwp%2Fv2%2Fcomments&post=797"}],"version-history":[{"count":2,"href":"https:\/\/globalfootballtalents.pl\/index.php?rest_route=\/wp\/v2\/pages\/797\/revisions"}],"predecessor-version":[{"id":844,"href":"https:\/\/globalfootballtalents.pl\/index.php?rest_route=\/wp\/v2\/pages\/797\/revisions\/844"}],"wp:attachment":[{"href":"https:\/\/globalfootballtalents.pl\/index.php?rest_route=%2Fwp%2Fv2%2Fmedia&parent=797"}],"curies":[{"name":"wp","href":"https:\/\/api.w.org\/{rel}","templated":true}]}}