{"id":62,"date":"2020-01-24T11:34:57","date_gmt":"2020-01-24T11:34:57","guid":{"rendered":"https:\/\/demo.shadow-themes.com\/wp\/ashade\/?page_id=62"},"modified":"2026-04-02T11:33:04","modified_gmt":"2026-04-02T09:33:04","slug":"home-with-video","status":"publish","type":"page","link":"https:\/\/globalfootballtalents.pl\/","title":{"rendered":"Home with Video"},"content":{"rendered":"","protected":false},"excerpt":{"rendered":"","protected":false},"author":1,"featured_media":0,"parent":0,"menu_order":0,"comment_status":"closed","ping_status":"closed","template":"page-home.php","meta":{"_monsterinsights_skip_tracking":false,"_monsterinsights_sitenote_active":false,"_monsterinsights_sitenote_note":"","_monsterinsights_sitenote_category":0,"footnotes":""},"class_list":["post-62","page","type-page","status-publish","hentry"],"yoast_head":"<!-- This site is optimized with the Yoast SEO plugin v27.4 - https:\/\/yoast.com\/product\/yoast-seo-wordpress\/ -->\n<title>Globalfootballtalents<\/title>\n<meta name=\"description\" content=\"Szukamy m\u0142odych talent\u00f3w gotowych na podb\u00f3j Europy. Zapisz si\u0119 na profesjonalne testy i nabory .Twoja kariera nabiera tempa.\" \/>\n<meta name=\"robots\" content=\"index, follow, max-snippet:-1, max-image-preview:large, max-video-preview:-1\" \/>\n<link rel=\"canonical\" href=\"https:\/\/globalfootballtalents.pl\/\" \/>\n<meta property=\"og:locale\" content=\"pl_PL\" \/>\n<meta property=\"og:type\" content=\"article\" \/>\n<meta property=\"og:title\" content=\"Globalfootballtalents\" \/>\n<meta property=\"og:description\" content=\"Szukamy m\u0142odych talent\u00f3w gotowych na podb\u00f3j Europy. Zapisz si\u0119 na profesjonalne testy i nabory .Twoja kariera nabiera tempa.\" \/>\n<meta property=\"og:url\" content=\"https:\/\/globalfootballtalents.pl\/\" \/>\n<meta property=\"og:site_name\" content=\"Globalfootballtalents\" \/>\n<meta property=\"article:modified_time\" content=\"2026-04-02T09:33:04+00:00\" \/>\n<script type=\"application\/ld+json\" class=\"yoast-schema-graph\">{\"@context\":\"https:\\\/\\\/schema.org\",\"@graph\":[{\"@type\":\"WebPage\",\"@id\":\"https:\\\/\\\/globalfootballtalents.pl\\\/\",\"url\":\"https:\\\/\\\/globalfootballtalents.pl\\\/\",\"name\":\"Globalfootballtalents\",\"isPartOf\":{\"@id\":\"https:\\\/\\\/globalfootballtalents.pl\\\/#website\"},\"datePublished\":\"2020-01-24T11:34:57+00:00\",\"dateModified\":\"2026-04-02T09:33:04+00:00\",\"description\":\"Szukamy m\u0142odych talent\u00f3w gotowych na podb\u00f3j Europy. Zapisz si\u0119 na profesjonalne testy i nabory .Twoja kariera nabiera tempa.\",\"breadcrumb\":{\"@id\":\"https:\\\/\\\/globalfootballtalents.pl\\\/#breadcrumb\"},\"inLanguage\":\"pl-PL\",\"potentialAction\":[{\"@type\":\"ReadAction\",\"target\":[\"https:\\\/\\\/globalfootballtalents.pl\\\/\"]}]},{\"@type\":\"BreadcrumbList\",\"@id\":\"https:\\\/\\\/globalfootballtalents.pl\\\/#breadcrumb\",\"itemListElement\":[{\"@type\":\"ListItem\",\"position\":1,\"name\":\"Home\",\"item\":\"https:\\\/\\\/globalfootballtalents.pl\\\/\"},{\"@type\":\"ListItem\",\"position\":2,\"name\":\"Home with Video\"}]},{\"@type\":\"WebSite\",\"@id\":\"https:\\\/\\\/globalfootballtalents.pl\\\/#website\",\"url\":\"https:\\\/\\\/globalfootballtalents.pl\\\/\",\"name\":\"Globalfootballtalents\",\"description\":\"GFT\",\"potentialAction\":[{\"@type\":\"SearchAction\",\"target\":{\"@type\":\"EntryPoint\",\"urlTemplate\":\"https:\\\/\\\/globalfootballtalents.pl\\\/?s={search_term_string}\"},\"query-input\":{\"@type\":\"PropertyValueSpecification\",\"valueRequired\":true,\"valueName\":\"search_term_string\"}}],\"inLanguage\":\"pl-PL\"}]}<\/script>\n<!-- \/ Yoast SEO plugin. -->","yoast_head_json":{"title":"Globalfootballtalents","description":"Szukamy m\u0142odych talent\u00f3w gotowych na podb\u00f3j Europy. Zapisz si\u0119 na profesjonalne testy i nabory .Twoja kariera nabiera tempa.","robots":{"index":"index","follow":"follow","max-snippet":"max-snippet:-1","max-image-preview":"max-image-preview:large","max-video-preview":"max-video-preview:-1"},"canonical":"https:\/\/globalfootballtalents.pl\/","og_locale":"pl_PL","og_type":"article","og_title":"Globalfootballtalents","og_description":"Szukamy m\u0142odych talent\u00f3w gotowych na podb\u00f3j Europy. Zapisz si\u0119 na profesjonalne testy i nabory .Twoja kariera nabiera tempa.","og_url":"https:\/\/globalfootballtalents.pl\/","og_site_name":"Globalfootballtalents","article_modified_time":"2026-04-02T09:33:04+00:00","schema":{"@context":"https:\/\/schema.org","@graph":[{"@type":"WebPage","@id":"https:\/\/globalfootballtalents.pl\/","url":"https:\/\/globalfootballtalents.pl\/","name":"Globalfootballtalents","isPartOf":{"@id":"https:\/\/globalfootballtalents.pl\/#website"},"datePublished":"2020-01-24T11:34:57+00:00","dateModified":"2026-04-02T09:33:04+00:00","description":"Szukamy m\u0142odych talent\u00f3w gotowych na podb\u00f3j Europy. Zapisz si\u0119 na profesjonalne testy i nabory .Twoja kariera nabiera tempa.","breadcrumb":{"@id":"https:\/\/globalfootballtalents.pl\/#breadcrumb"},"inLanguage":"pl-PL","potentialAction":[{"@type":"ReadAction","target":["https:\/\/globalfootballtalents.pl\/"]}]},{"@type":"BreadcrumbList","@id":"https:\/\/globalfootballtalents.pl\/#breadcrumb","itemListElement":[{"@type":"ListItem","position":1,"name":"Home","item":"https:\/\/globalfootballtalents.pl\/"},{"@type":"ListItem","position":2,"name":"Home with Video"}]},{"@type":"WebSite","@id":"https:\/\/globalfootballtalents.pl\/#website","url":"https:\/\/globalfootballtalents.pl\/","name":"Globalfootballtalents","description":"GFT","potentialAction":[{"@type":"SearchAction","target":{"@type":"EntryPoint","urlTemplate":"https:\/\/globalfootballtalents.pl\/?s={search_term_string}"},"query-input":{"@type":"PropertyValueSpecification","valueRequired":true,"valueName":"search_term_string"}}],"inLanguage":"pl-PL"}]}},"_links":{"self":[{"href":"https:\/\/globalfootballtalents.pl\/index.php?rest_route=\/wp\/v2\/pages\/62","targetHints":{"allow":["GET"]}}],"collection":[{"href":"https:\/\/globalfootballtalents.pl\/index.php?rest_route=\/wp\/v2\/pages"}],"about":[{"href":"https:\/\/globalfootballtalents.pl\/index.php?rest_route=\/wp\/v2\/types\/page"}],"author":[{"embeddable":true,"href":"https:\/\/globalfootballtalents.pl\/index.php?rest_route=\/wp\/v2\/users\/1"}],"replies":[{"embeddable":true,"href":"https:\/\/globalfootballtalents.pl\/index.php?rest_route=%2Fwp%2Fv2%2Fcomments&post=62"}],"version-history":[{"count":1,"href":"https:\/\/globalfootballtalents.pl\/index.php?rest_route=\/wp\/v2\/pages\/62\/revisions"}],"predecessor-version":[{"id":731,"href":"https:\/\/globalfootballtalents.pl\/index.php?rest_route=\/wp\/v2\/pages\/62\/revisions\/731"}],"wp:attachment":[{"href":"https:\/\/globalfootballtalents.pl\/index.php?rest_route=%2Fwp%2Fv2%2Fmedia&parent=62"}],"curies":[{"name":"wp","href":"https:\/\/api.w.org\/{rel}","templated":true}]}}