{"id":253,"date":"2020-01-25T09:56:55","date_gmt":"2020-01-25T09:56:55","guid":{"rendered":"https:\/\/demo.shadow-themes.com\/wp\/ashade\/?page_id=253"},"modified":"2026-03-31T12:13:45","modified_gmt":"2026-03-31T10:13:45","slug":"about-me","status":"publish","type":"page","link":"https:\/\/globalfootballtalents.pl\/?page_id=253","title":{"rendered":"About Me"},"content":{"rendered":"\t\t<div data-elementor-type=\"wp-page\" data-elementor-id=\"253\" class=\"elementor elementor-253\">\n\t\t\t\t\t\t<section class=\"elementor-section elementor-top-section elementor-element elementor-element-c28a475 elementor-section-height-min-height elementor-section-items-stretch elementor-section-boxed elementor-section-height-default\" data-id=\"c28a475\" data-element_type=\"section\" data-e-type=\"section\" data-settings=\"{&quot;background_background&quot;:&quot;classic&quot;}\">\n\t\t\t\t\t\t<div class=\"elementor-container elementor-column-gap-default\">\n\t\t\t\t\t<div class=\"elementor-column elementor-col-50 elementor-top-column elementor-element elementor-element-f3cd94c\" data-id=\"f3cd94c\" data-element_type=\"column\" data-e-type=\"column\">\n\t\t\t<div class=\"elementor-widget-wrap elementor-element-populated\">\n\t\t\t\t\t\t<div class=\"elementor-element elementor-element-b60468e elementor-hidden-desktop elementor-hidden-phone elementor-widget elementor-widget-spacer\" data-id=\"b60468e\" data-element_type=\"widget\" data-e-type=\"widget\" data-widget_type=\"spacer.default\">\n\t\t\t\t\t\t\t<div class=\"elementor-spacer\">\n\t\t\t<div class=\"elementor-spacer-inner\"><\/div>\n\t\t<\/div>\n\t\t\t\t\t\t<\/div>\n\t\t\t\t<div class=\"elementor-element elementor-element-7ce660a elementor-widget elementor-widget-heading\" data-id=\"7ce660a\" data-element_type=\"widget\" data-e-type=\"widget\" data-widget_type=\"heading.default\">\n\t\t\t\t\t<h2 class=\"elementor-heading-title elementor-size-default\"><span>WitaJ ! <\/span>\nO Nas<\/h2>\t\t\t\t<\/div>\n\t\t\t\t<div class=\"elementor-element elementor-element-88333bf elementor-widget elementor-widget-text-editor\" data-id=\"88333bf\" data-element_type=\"widget\" data-e-type=\"widget\" data-widget_type=\"text-editor.default\">\n\t\t\t\t\t\t\t\t\t<p>Global Football Talents to projekt stworzony z pasji do pi\u0142ki no\u017cnej i pracy z m\u0142odymi lud\u017ami. \u0141\u0105czymy szkolenie sportowe z realn\u0105 drog\u0105 rozwoju \u2013 nie tylko na boisku, ale te\u017c poza nim.<\/p><p>Dzia\u0142amy w Polsce i za granic\u0105, tworz\u0105c przestrze\u0144, w kt\u00f3rej dzieci i m\u0142odzie\u017c mog\u0105 rozwija\u0107 swoje umiej\u0119tno\u015bci, budowa\u0107 pewno\u015b\u0107 siebie i poznawa\u0107 \u015bwiat sportu na wy\u017cszym poziomie.<\/p><p>Naszym celem nie jest tylko trenowanie. Szukamy talent\u00f3w, prowadzimy je krok po kroku i pomagamy wej\u015b\u0107 na wy\u017cszy poziom \u2013 poprzez treningi, obozy, turnieje i selekcj\u0119 CMR.<\/p><p>Wsp\u00f3\u0142pracujemy z partnerami mi\u0119dzynarodowymi i korzystamy ze sprawdzonych metod szkoleniowych, kt\u00f3re realnie przygotowuj\u0105 zawodnik\u00f3w do profesjonalnego futbolu.<\/p><p>U nas ka\u017cdy ma szans\u0119. Niezale\u017cnie sk\u0105d zaczyna.<\/p>\t\t\t\t\t\t\t\t<\/div>\n\t\t\t\t\t<\/div>\n\t\t<\/div>\n\t\t\t\t<div class=\"elementor-column elementor-col-50 elementor-top-column elementor-element elementor-element-9143474 elementor-hidden-tablet elementor-hidden-phone\" data-id=\"9143474\" data-element_type=\"column\" data-e-type=\"column\">\n\t\t\t<div class=\"elementor-widget-wrap elementor-element-populated\">\n\t\t\t\t\t\t<div class=\"elementor-element elementor-element-440afa2 elementor-widget elementor-widget-image\" data-id=\"440afa2\" data-element_type=\"widget\" data-e-type=\"widget\" data-widget_type=\"image.default\">\n\t\t\t\t\t\t\t\t\t\t\t\t\t\t\t<img fetchpriority=\"high\" decoding=\"async\" width=\"1240\" height=\"1500\" src=\"https:\/\/globalfootballtalents.pl\/wp-content\/uploads\/2020\/01\/about-me.jpg\" class=\"attachment-full size-full wp-image-258\" alt=\"Andrew Shade\" srcset=\"https:\/\/globalfootballtalents.pl\/wp-content\/uploads\/2020\/01\/about-me.jpg 1240w, https:\/\/globalfootballtalents.pl\/wp-content\/uploads\/2020\/01\/about-me-960x1161.jpg 960w, https:\/\/globalfootballtalents.pl\/wp-content\/uploads\/2020\/01\/about-me-248x300.jpg 248w, https:\/\/globalfootballtalents.pl\/wp-content\/uploads\/2020\/01\/about-me-847x1024.jpg 847w, https:\/\/globalfootballtalents.pl\/wp-content\/uploads\/2020\/01\/about-me-768x929.jpg 768w, https:\/\/globalfootballtalents.pl\/wp-content\/uploads\/2020\/01\/about-me-1058x1280.jpg 1058w\" sizes=\"(max-width: 1240px) 100vw, 1240px\" \/>\t\t\t\t\t\t\t\t\t\t\t\t\t\t\t<\/div>\n\t\t\t\t\t<\/div>\n\t\t<\/div>\n\t\t\t\t\t<\/div>\n\t\t<\/section>\n\t\t\t\t<section class=\"elementor-section elementor-top-section elementor-element elementor-element-3dea3bc elementor-section-boxed elementor-section-height-default elementor-section-height-default\" data-id=\"3dea3bc\" data-element_type=\"section\" data-e-type=\"section\">\n\t\t\t\t\t\t<div class=\"elementor-container elementor-column-gap-default\">\n\t\t\t\t\t<div class=\"elementor-column elementor-col-100 elementor-top-column elementor-element elementor-element-20693ec\" data-id=\"20693ec\" data-element_type=\"column\" data-e-type=\"column\">\n\t\t\t<div class=\"elementor-widget-wrap elementor-element-populated\">\n\t\t\t\t\t\t<div class=\"elementor-element elementor-element-f6eca5d shadowcore-grid-column--4 shadowcore-grid-caption--none shadowcore-gallery-grid-fade--yes shadowcore-gallery-grid-scale--no elementor-widget elementor-widget-shadow-gallery-grid\" data-id=\"f6eca5d\" data-element_type=\"widget\" data-e-type=\"widget\" data-widget_type=\"shadow-gallery-grid.default\">\n\t\t\t\t<div class=\"elementor-widget-container\">\n\t\t\t\t\t\t\t\t<div class=\"shadowcore-grid\">\n\t\t\t\t\t\t\t\t\t<div class=\"shadowcore-gallery-item shadowcore-grid-item\">\n\t\t\t\t\t\t<div class=\"shadowcore-gallery-item__inner shadowcore-lazy-await\">\n\t\t\t\t\t\t\t\t\t\t\t\t\t\t\t<a \n\t\t\t\t\t\t\t\t\thref=\"https:\/\/globalfootballtalents.pl\/wp-content\/uploads\/2026\/03\/Projekt-bez-nazwy-1.png\" \n\t\t\t\t\t\t\t\t\tclass=\"shadowcore-lightbox-link\" \n\t\t\t\t\t\t\t\t\tdata-elementor-open-lightbox=\"no\" \n\t\t\t\t\t\t\t\t\tdata-gallery = \"grid_f6eca5d\" \n\t\t\t\t\t\t\t\t\t\t\t\t\t\t\t\t\t\tdata-size=\"1000x1000\" \n\t\t\t\t\t\t\t\t><\/a>\n\t\t\t\t\t\t\t\t\t\t\t\t\t\t<div class=\"shadowcore-gallery-image shadowcore-lazy\" data-src=\"https:\/\/globalfootballtalents.pl\/wp-content\/uploads\/2026\/03\/Projekt-bez-nazwy-1.png\">\n\t\t\t\t\t\t\t\t<img \n\t\t\t\t\t\t\t\t\tsrc=\"data:image\/svg+xml,%3Csvg%20xmlns='http:\/\/www.w3.org\/2000\/svg'%20viewBox='0%200%20580%20480'%3E%3C\/svg%3E\"\n\t\t\t\t\t\t\t\t\talt=\"\" \n\t\t\t\t\t\t\t\t\twidth=\"580\" \n\t\t\t\t\t\t\t\t\theight=\"480\">\n\t\t\t\t\t\t\t<\/div><!-- .shadowcore-gallery-image -->\n\t\t\t\t\t\t\t<div class=\"shadowcore-grid-caption\"><\/div>\n\t\t\t\t\t\t<\/div><!-- .shadowcore-gallery-item__inner -->\n\t\t\t\t\t<\/div><!-- .shadowcore-gallery-item shadowcore-grid-item -->\n\t\t\t\t\t\t\t\t<\/div><!-- .shadowcore-grid -->\n\t\t\t\t\t\t\t<\/div>\n\t\t\t\t<\/div>\n\t\t\t\t\t<\/div>\n\t\t<\/div>\n\t\t\t\t\t<\/div>\n\t\t<\/section>\n\t\t\t\t<section class=\"elementor-section elementor-top-section elementor-element elementor-element-f36cc73 elementor-section-boxed elementor-section-height-default elementor-section-height-default\" data-id=\"f36cc73\" data-element_type=\"section\" data-e-type=\"section\">\n\t\t\t\t\t\t<div class=\"elementor-container elementor-column-gap-default\">\n\t\t\t\t\t<div class=\"elementor-column elementor-col-33 elementor-top-column elementor-element elementor-element-7cd738f elementor-hidden-tablet elementor-hidden-phone\" data-id=\"7cd738f\" data-element_type=\"column\" data-e-type=\"column\">\n\t\t\t<div class=\"elementor-widget-wrap\">\n\t\t\t\t\t\t\t<\/div>\n\t\t<\/div>\n\t\t\t\t<div class=\"elementor-column elementor-col-33 elementor-top-column elementor-element elementor-element-ec7567c\" data-id=\"ec7567c\" data-element_type=\"column\" data-e-type=\"column\">\n\t\t\t<div class=\"elementor-widget-wrap elementor-element-populated\">\n\t\t\t\t\t\t<div class=\"elementor-element elementor-element-997911e shadowcore-op-above--yes shadowcore-testimonials-layout--horizontal shadowcore-swap-head--no shadowcore-swap-cotent--no elementor-widget elementor-widget-shadow-testimonials-carousel\" data-id=\"997911e\" data-element_type=\"widget\" data-e-type=\"widget\" data-widget_type=\"shadow-testimonials-carousel.default\">\n\t\t\t\t<div class=\"elementor-widget-container\">\n\t\t\t\t\t\t\t<div class=\"shadowcore-testimonials-carousel\">\n\t\t\t<div class=\"shadowcore-owl-container owl-carousel owl-theme\" id=\"997911e\" data-gutter=\"40\" data-speed=\"1000\">\n\t\t\t\t\t\t\t<div class=\"shadowcore-testimonials-item align-center swiper-slide\">\n\t\t\t\t\t<div class=\"shadowcore-testimonials-item__content\">\n\t\t\t\t\t\t<p>Rewelacyjna organizacja! Moje dziecko wr\u00f3ci\u0142o ze zgrupowania z Global Football Talents zachwycone. Treningi na wysokim poziomie, a atmosfera sprawi\u0142a, \u017ce syn ju\u017c pyta o kolejny termin. Polecam!<\/p>\n\t\t\t\t\t<\/div><!-- .shadowcore-testimonials-item__content -->\n\t\t\t\t\t<div class=\"shadowcore-testimonials-item__author\">\n\t\t\t\t\t\t<div class=\"shadowcore-testimonials-item__author--image\">\n\t\t\t\t\t\t\t<div class=\"shadowcore-gallery-image shadowcore-div-image\" data-src=\"\">\n\t\t\t\t\t\t\t\t<img \n\t\t\t\t\t\t\t\tsrc=\"data:image\/svg+xml,%3Csvg%20xmlns='http:\/\/www.w3.org\/2000\/svg'%20viewBox='0%200%20300%20300'%3E%3C\/svg%3E\"\n\t\t\t\t\t\t\t\talt=\"\">\n\t\t\t\t\t\t\t<\/div>\n\t\t\t\t\t\t<\/div>\n\t\t\t\t\t\t<div class=\"shadowcore-testimonials-item__author--name\">\n\t\t\t\t\t\t\t<span><\/span>\n\t\t\t\t\t\t\tAlicja\t\t\t\t\t\t\t<span><\/span>\n\t\t\t\t\t\t<\/div>\n\t\t\t\t\t<\/div><!-- .shadowcore-testimonials-item__author -->\n\t\t\t\t\t\t\t\t\t<\/div><!-- .shadowcore-testimonials-item -->\n\t\t\t\t\t\t\t\t<div class=\"shadowcore-testimonials-item align-center swiper-slide\">\n\t\t\t\t\t<div class=\"shadowcore-testimonials-item__content\">\n\t\t\t\t\t\t<p>Niesamowite prze\u017cycia dla m\u0142odego pi\u0142karza. Profesjonalna kadra i \u015bwietne podej\u015bcie do dzieciak\u00f3w. Syn zrobi\u0142 ogromny progres w kr\u00f3tkim czasie, a przy tym bawi\u0142 si\u0119 wy\u015bmienicie. 5 gwiazdek!<\/p>\n\t\t\t\t\t<\/div><!-- .shadowcore-testimonials-item__content -->\n\t\t\t\t\t<div class=\"shadowcore-testimonials-item__author\">\n\t\t\t\t\t\t<div class=\"shadowcore-testimonials-item__author--image\">\n\t\t\t\t\t\t\t<div class=\"shadowcore-gallery-image shadowcore-div-image\" data-src=\"\">\n\t\t\t\t\t\t\t\t<img \n\t\t\t\t\t\t\t\tsrc=\"data:image\/svg+xml,%3Csvg%20xmlns='http:\/\/www.w3.org\/2000\/svg'%20viewBox='0%200%20300%20300'%3E%3C\/svg%3E\"\n\t\t\t\t\t\t\t\talt=\"\">\n\t\t\t\t\t\t\t<\/div>\n\t\t\t\t\t\t<\/div>\n\t\t\t\t\t\t<div class=\"shadowcore-testimonials-item__author--name\">\n\t\t\t\t\t\t\t<span><\/span>\n\t\t\t\t\t\t\tMarcin \t\t\t\t\t\t\t<span><\/span>\n\t\t\t\t\t\t<\/div>\n\t\t\t\t\t<\/div><!-- .shadowcore-testimonials-item__author -->\n\t\t\t\t\t\t\t\t\t<\/div><!-- .shadowcore-testimonials-item -->\n\t\t\t\t\t\t\t\t<div class=\"shadowcore-testimonials-item align-center swiper-slide\">\n\t\t\t\t\t<div class=\"shadowcore-testimonials-item__content\">\n\t\t\t\t\t\t<p>Najlepsze zgrupowanie, na jakim by\u0142a moja c\u00f3rka! Global Football Talents to nie tylko sport, ale te\u017c \u015bwietna integracja i masa pozytywnej energii. Dziecko wr\u00f3ci\u0142o pe\u0142ne motywacji do dalszych trening\u00f3w.<\/p>\n\t\t\t\t\t<\/div><!-- .shadowcore-testimonials-item__content -->\n\t\t\t\t\t<div class=\"shadowcore-testimonials-item__author\">\n\t\t\t\t\t\t<div class=\"shadowcore-testimonials-item__author--image\">\n\t\t\t\t\t\t\t<div class=\"shadowcore-gallery-image shadowcore-div-image\" data-src=\"\">\n\t\t\t\t\t\t\t\t<img \n\t\t\t\t\t\t\t\tsrc=\"data:image\/svg+xml,%3Csvg%20xmlns='http:\/\/www.w3.org\/2000\/svg'%20viewBox='0%200%20300%20300'%3E%3C\/svg%3E\"\n\t\t\t\t\t\t\t\talt=\"\">\n\t\t\t\t\t\t\t<\/div>\n\t\t\t\t\t\t<\/div>\n\t\t\t\t\t\t<div class=\"shadowcore-testimonials-item__author--name\">\n\t\t\t\t\t\t\t<span><\/span>\n\t\t\t\t\t\t\tMarcin BB\t\t\t\t\t\t\t<span><\/span>\n\t\t\t\t\t\t<\/div>\n\t\t\t\t\t<\/div><!-- .shadowcore-testimonials-item__author -->\n\t\t\t\t\t\t\t\t\t<\/div><!-- .shadowcore-testimonials-item -->\n\t\t\t\t\t\t\t\t<div class=\"shadowcore-testimonials-item align-center swiper-slide\">\n\t\t\t\t\t<div class=\"shadowcore-testimonials-item__content\">\n\t\t\t\t\t\t<p>Jeste\u015bmy pod ogromnym wra\u017ceniem organizacji. Trenerzy maj\u0105 \u015bwietny kontakt z dzie\u0107mi, a program zgrupowania jest dopi\u0119ty na ostatni guzik. Dla mojego syna to by\u0142y niezapomniane wakacje!<\/p>\n\t\t\t\t\t<\/div><!-- .shadowcore-testimonials-item__content -->\n\t\t\t\t\t<div class=\"shadowcore-testimonials-item__author\">\n\t\t\t\t\t\t<div class=\"shadowcore-testimonials-item__author--image\">\n\t\t\t\t\t\t\t<div class=\"shadowcore-gallery-image shadowcore-div-image\" data-src=\"\">\n\t\t\t\t\t\t\t\t<img \n\t\t\t\t\t\t\t\tsrc=\"data:image\/svg+xml,%3Csvg%20xmlns='http:\/\/www.w3.org\/2000\/svg'%20viewBox='0%200%20300%20300'%3E%3C\/svg%3E\"\n\t\t\t\t\t\t\t\talt=\"\">\n\t\t\t\t\t\t\t<\/div>\n\t\t\t\t\t\t<\/div>\n\t\t\t\t\t\t<div class=\"shadowcore-testimonials-item__author--name\">\n\t\t\t\t\t\t\t<span><\/span>\n\t\t\t\t\t\t\tRoman\t\t\t\t\t\t\t<span><\/span>\n\t\t\t\t\t\t<\/div>\n\t\t\t\t\t<\/div><!-- .shadowcore-testimonials-item__author -->\n\t\t\t\t\t\t\t\t\t<\/div><!-- .shadowcore-testimonials-item -->\n\t\t\t\t\t\t\t\t<div class=\"shadowcore-testimonials-item align-center swiper-slide\">\n\t\t\t\t\t<div class=\"shadowcore-testimonials-item__content\">\n\t\t\t\t\t\t<p>Szczerze polecam Global Football Talents ka\u017cdemu rodzicowi. Super warunki, profesjonalny sprz\u0119t i emocje, kt\u00f3rych dziecko nie zapomni nigdy. Syn czu\u0142 si\u0119 jak na prawdziwym zgrupowaniu zawodowej dru\u017cyny!<\/p>\n\t\t\t\t\t<\/div><!-- .shadowcore-testimonials-item__content -->\n\t\t\t\t\t<div class=\"shadowcore-testimonials-item__author\">\n\t\t\t\t\t\t<div class=\"shadowcore-testimonials-item__author--image\">\n\t\t\t\t\t\t\t<div class=\"shadowcore-gallery-image shadowcore-div-image\" data-src=\"\">\n\t\t\t\t\t\t\t\t<img \n\t\t\t\t\t\t\t\tsrc=\"data:image\/svg+xml,%3Csvg%20xmlns='http:\/\/www.w3.org\/2000\/svg'%20viewBox='0%200%20300%20300'%3E%3C\/svg%3E\"\n\t\t\t\t\t\t\t\talt=\"\">\n\t\t\t\t\t\t\t<\/div>\n\t\t\t\t\t\t<\/div>\n\t\t\t\t\t\t<div class=\"shadowcore-testimonials-item__author--name\">\n\t\t\t\t\t\t\t<span><\/span>\n\t\t\t\t\t\t\tWojciech K\t\t\t\t\t\t\t<span><\/span>\n\t\t\t\t\t\t<\/div>\n\t\t\t\t\t<\/div><!-- .shadowcore-testimonials-item__author -->\n\t\t\t\t\t\t\t\t\t<\/div><!-- .shadowcore-testimonials-item -->\n\t\t\t\t\t\t\t<\/div><!-- .shadowcore-testimonials-carousel -->\n\t\t<\/div><!-- .shadowcore-tns-container -->\n\t\t\t\t\t\t<\/div>\n\t\t\t\t<\/div>\n\t\t\t\t\t<\/div>\n\t\t<\/div>\n\t\t\t\t<div class=\"elementor-column elementor-col-33 elementor-top-column elementor-element elementor-element-d116950 elementor-hidden-tablet elementor-hidden-phone\" data-id=\"d116950\" data-element_type=\"column\" data-e-type=\"column\">\n\t\t\t<div class=\"elementor-widget-wrap\">\n\t\t\t\t\t\t\t<\/div>\n\t\t<\/div>\n\t\t\t\t\t<\/div>\n\t\t<\/section>\n\t\t\t\t<\/div>\n\t\t","protected":false},"excerpt":{"rendered":"<p>WitaJ ! O Nas Global Football Talents to projekt stworzony z pasji do pi\u0142ki no\u017cnej i pracy z m\u0142odymi lud\u017ami. \u0141\u0105czymy szkolenie sportowe z realn\u0105 drog\u0105 rozwoju \u2013 nie tylko na boisku, ale te\u017c poza nim. Dzia\u0142amy w Polsce i za granic\u0105, tworz\u0105c przestrze\u0144, w kt\u00f3rej dzieci i m\u0142odzie\u017c mog\u0105 rozwija\u0107 swoje umiej\u0119tno\u015bci, budowa\u0107 pewno\u015b\u0107&#8230;<\/p>\n","protected":false},"author":1,"featured_media":0,"parent":0,"menu_order":0,"comment_status":"closed","ping_status":"closed","template":"","meta":{"_monsterinsights_skip_tracking":false,"_monsterinsights_sitenote_active":false,"_monsterinsights_sitenote_note":"","_monsterinsights_sitenote_category":0,"footnotes":""},"class_list":["post-253","page","type-page","status-publish","hentry"],"yoast_head":"<!-- This site is optimized with the Yoast SEO plugin v27.4 - https:\/\/yoast.com\/product\/yoast-seo-wordpress\/ -->\n<title>About Me - Globalfootballtalents<\/title>\n<meta name=\"robots\" content=\"index, follow, max-snippet:-1, max-image-preview:large, max-video-preview:-1\" \/>\n<link rel=\"canonical\" href=\"https:\/\/globalfootballtalents.pl\/?page_id=253\" \/>\n<meta property=\"og:locale\" content=\"pl_PL\" \/>\n<meta property=\"og:type\" content=\"article\" \/>\n<meta property=\"og:title\" content=\"About Me - Globalfootballtalents\" \/>\n<meta property=\"og:description\" content=\"WitaJ ! O Nas Global Football Talents to projekt stworzony z pasji do pi\u0142ki no\u017cnej i pracy z m\u0142odymi lud\u017ami. \u0141\u0105czymy szkolenie sportowe z realn\u0105 drog\u0105 rozwoju \u2013 nie tylko na boisku, ale te\u017c poza nim. Dzia\u0142amy w Polsce i za granic\u0105, tworz\u0105c przestrze\u0144, w kt\u00f3rej dzieci i m\u0142odzie\u017c mog\u0105 rozwija\u0107 swoje umiej\u0119tno\u015bci, budowa\u0107 pewno\u015b\u0107...\" \/>\n<meta property=\"og:url\" content=\"https:\/\/globalfootballtalents.pl\/?page_id=253\" \/>\n<meta property=\"og:site_name\" content=\"Globalfootballtalents\" \/>\n<meta property=\"article:modified_time\" content=\"2026-03-31T10:13:45+00:00\" \/>\n<meta property=\"og:image\" content=\"http:\/\/globalfootballtalents.pl\/wp-content\/uploads\/2020\/01\/about-me.jpg\" \/>\n<meta name=\"twitter:label1\" content=\"Szacowany czas czytania\" \/>\n\t<meta name=\"twitter:data1\" content=\"5 minut\" \/>\n<script type=\"application\/ld+json\" class=\"yoast-schema-graph\">{\"@context\":\"https:\\\/\\\/schema.org\",\"@graph\":[{\"@type\":\"WebPage\",\"@id\":\"https:\\\/\\\/globalfootballtalents.pl\\\/?page_id=253\",\"url\":\"https:\\\/\\\/globalfootballtalents.pl\\\/?page_id=253\",\"name\":\"About Me - Globalfootballtalents\",\"isPartOf\":{\"@id\":\"https:\\\/\\\/globalfootballtalents.pl\\\/#website\"},\"primaryImageOfPage\":{\"@id\":\"https:\\\/\\\/globalfootballtalents.pl\\\/?page_id=253#primaryimage\"},\"image\":{\"@id\":\"https:\\\/\\\/globalfootballtalents.pl\\\/?page_id=253#primaryimage\"},\"thumbnailUrl\":\"http:\\\/\\\/globalfootballtalents.pl\\\/wp-content\\\/uploads\\\/2020\\\/01\\\/about-me.jpg\",\"datePublished\":\"2020-01-25T09:56:55+00:00\",\"dateModified\":\"2026-03-31T10:13:45+00:00\",\"breadcrumb\":{\"@id\":\"https:\\\/\\\/globalfootballtalents.pl\\\/?page_id=253#breadcrumb\"},\"inLanguage\":\"pl-PL\",\"potentialAction\":[{\"@type\":\"ReadAction\",\"target\":[\"https:\\\/\\\/globalfootballtalents.pl\\\/?page_id=253\"]}]},{\"@type\":\"ImageObject\",\"inLanguage\":\"pl-PL\",\"@id\":\"https:\\\/\\\/globalfootballtalents.pl\\\/?page_id=253#primaryimage\",\"url\":\"https:\\\/\\\/globalfootballtalents.pl\\\/wp-content\\\/uploads\\\/2020\\\/01\\\/about-me.jpg\",\"contentUrl\":\"https:\\\/\\\/globalfootballtalents.pl\\\/wp-content\\\/uploads\\\/2020\\\/01\\\/about-me.jpg\",\"width\":1240,\"height\":1500,\"caption\":\"Andrew Shade\"},{\"@type\":\"BreadcrumbList\",\"@id\":\"https:\\\/\\\/globalfootballtalents.pl\\\/?page_id=253#breadcrumb\",\"itemListElement\":[{\"@type\":\"ListItem\",\"position\":1,\"name\":\"Home\",\"item\":\"https:\\\/\\\/globalfootballtalents.pl\\\/\"},{\"@type\":\"ListItem\",\"position\":2,\"name\":\"About Me\"}]},{\"@type\":\"WebSite\",\"@id\":\"https:\\\/\\\/globalfootballtalents.pl\\\/#website\",\"url\":\"https:\\\/\\\/globalfootballtalents.pl\\\/\",\"name\":\"Globalfootballtalents\",\"description\":\"GFT\",\"potentialAction\":[{\"@type\":\"SearchAction\",\"target\":{\"@type\":\"EntryPoint\",\"urlTemplate\":\"https:\\\/\\\/globalfootballtalents.pl\\\/?s={search_term_string}\"},\"query-input\":{\"@type\":\"PropertyValueSpecification\",\"valueRequired\":true,\"valueName\":\"search_term_string\"}}],\"inLanguage\":\"pl-PL\"}]}<\/script>\n<!-- \/ Yoast SEO plugin. -->","yoast_head_json":{"title":"About Me - Globalfootballtalents","robots":{"index":"index","follow":"follow","max-snippet":"max-snippet:-1","max-image-preview":"max-image-preview:large","max-video-preview":"max-video-preview:-1"},"canonical":"https:\/\/globalfootballtalents.pl\/?page_id=253","og_locale":"pl_PL","og_type":"article","og_title":"About Me - Globalfootballtalents","og_description":"WitaJ ! O Nas Global Football Talents to projekt stworzony z pasji do pi\u0142ki no\u017cnej i pracy z m\u0142odymi lud\u017ami. \u0141\u0105czymy szkolenie sportowe z realn\u0105 drog\u0105 rozwoju \u2013 nie tylko na boisku, ale te\u017c poza nim. Dzia\u0142amy w Polsce i za granic\u0105, tworz\u0105c przestrze\u0144, w kt\u00f3rej dzieci i m\u0142odzie\u017c mog\u0105 rozwija\u0107 swoje umiej\u0119tno\u015bci, budowa\u0107 pewno\u015b\u0107...","og_url":"https:\/\/globalfootballtalents.pl\/?page_id=253","og_site_name":"Globalfootballtalents","article_modified_time":"2026-03-31T10:13:45+00:00","og_image":[{"url":"http:\/\/globalfootballtalents.pl\/wp-content\/uploads\/2020\/01\/about-me.jpg","type":"","width":"","height":""}],"twitter_misc":{"Szacowany czas czytania":"5 minut"},"schema":{"@context":"https:\/\/schema.org","@graph":[{"@type":"WebPage","@id":"https:\/\/globalfootballtalents.pl\/?page_id=253","url":"https:\/\/globalfootballtalents.pl\/?page_id=253","name":"About Me - Globalfootballtalents","isPartOf":{"@id":"https:\/\/globalfootballtalents.pl\/#website"},"primaryImageOfPage":{"@id":"https:\/\/globalfootballtalents.pl\/?page_id=253#primaryimage"},"image":{"@id":"https:\/\/globalfootballtalents.pl\/?page_id=253#primaryimage"},"thumbnailUrl":"http:\/\/globalfootballtalents.pl\/wp-content\/uploads\/2020\/01\/about-me.jpg","datePublished":"2020-01-25T09:56:55+00:00","dateModified":"2026-03-31T10:13:45+00:00","breadcrumb":{"@id":"https:\/\/globalfootballtalents.pl\/?page_id=253#breadcrumb"},"inLanguage":"pl-PL","potentialAction":[{"@type":"ReadAction","target":["https:\/\/globalfootballtalents.pl\/?page_id=253"]}]},{"@type":"ImageObject","inLanguage":"pl-PL","@id":"https:\/\/globalfootballtalents.pl\/?page_id=253#primaryimage","url":"https:\/\/globalfootballtalents.pl\/wp-content\/uploads\/2020\/01\/about-me.jpg","contentUrl":"https:\/\/globalfootballtalents.pl\/wp-content\/uploads\/2020\/01\/about-me.jpg","width":1240,"height":1500,"caption":"Andrew Shade"},{"@type":"BreadcrumbList","@id":"https:\/\/globalfootballtalents.pl\/?page_id=253#breadcrumb","itemListElement":[{"@type":"ListItem","position":1,"name":"Home","item":"https:\/\/globalfootballtalents.pl\/"},{"@type":"ListItem","position":2,"name":"About Me"}]},{"@type":"WebSite","@id":"https:\/\/globalfootballtalents.pl\/#website","url":"https:\/\/globalfootballtalents.pl\/","name":"Globalfootballtalents","description":"GFT","potentialAction":[{"@type":"SearchAction","target":{"@type":"EntryPoint","urlTemplate":"https:\/\/globalfootballtalents.pl\/?s={search_term_string}"},"query-input":{"@type":"PropertyValueSpecification","valueRequired":true,"valueName":"search_term_string"}}],"inLanguage":"pl-PL"}]}},"_links":{"self":[{"href":"https:\/\/globalfootballtalents.pl\/index.php?rest_route=\/wp\/v2\/pages\/253","targetHints":{"allow":["GET"]}}],"collection":[{"href":"https:\/\/globalfootballtalents.pl\/index.php?rest_route=\/wp\/v2\/pages"}],"about":[{"href":"https:\/\/globalfootballtalents.pl\/index.php?rest_route=\/wp\/v2\/types\/page"}],"author":[{"embeddable":true,"href":"https:\/\/globalfootballtalents.pl\/index.php?rest_route=\/wp\/v2\/users\/1"}],"replies":[{"embeddable":true,"href":"https:\/\/globalfootballtalents.pl\/index.php?rest_route=%2Fwp%2Fv2%2Fcomments&post=253"}],"version-history":[{"count":7,"href":"https:\/\/globalfootballtalents.pl\/index.php?rest_route=\/wp\/v2\/pages\/253\/revisions"}],"predecessor-version":[{"id":779,"href":"https:\/\/globalfootballtalents.pl\/index.php?rest_route=\/wp\/v2\/pages\/253\/revisions\/779"}],"wp:attachment":[{"href":"https:\/\/globalfootballtalents.pl\/index.php?rest_route=%2Fwp%2Fv2%2Fmedia&parent=253"}],"curies":[{"name":"wp","href":"https:\/\/api.w.org\/{rel}","templated":true}]}}