{"id":2,"date":"2026-02-04T15:37:32","date_gmt":"2026-02-04T14:37:32","guid":{"rendered":"http:\/\/globalfootballtalents.pl\/?page_id=2"},"modified":"2026-03-31T12:32:53","modified_gmt":"2026-03-31T10:32:53","slug":"przykladowa-strona","status":"publish","type":"page","link":"https:\/\/globalfootballtalents.pl\/?page_id=2","title":{"rendered":"Akademia Pi\u0142karska"},"content":{"rendered":"\n<p>AKADEMIA PI\u0141KARSKA<\/p>\n\n\n\n<p>Nasza akademia to miejsce, w kt\u00f3rym m\u0142odzi zawodnicy rozwijaj\u0105 si\u0119 krok po kroku \u2013 od podstaw a\u017c po poziom zaawansowany.<\/p>\n\n\n\n<p>Stawiamy na jako\u015b\u0107 treningu, indywidualne podej\u015bcie i realny rozw\u00f3j. Ka\u017cdy zawodnik jest dla nas wa\u017cny \u2013 niezale\u017cnie od poziomu, od kt\u00f3rego zaczyna.<\/p>\n\n\n\n<p>Treningi prowadzimy wed\u0142ug sprawdzonych metod, kt\u00f3re \u0142\u0105cz\u0105 technik\u0119, motoryk\u0119 i inteligencj\u0119 gry. Uczymy nie tylko jak gra\u0107, ale jak rozumie\u0107 pi\u0142k\u0119.<\/p>\n\n\n\n<p><\/p>\n","protected":false},"excerpt":{"rendered":"<p>AKADEMIA PI\u0141KARSKA Nasza akademia to miejsce, w kt\u00f3rym m\u0142odzi zawodnicy rozwijaj\u0105 si\u0119 krok po kroku \u2013 od podstaw a\u017c po poziom zaawansowany. Stawiamy na jako\u015b\u0107 treningu, indywidualne podej\u015bcie i realny rozw\u00f3j. Ka\u017cdy zawodnik jest dla nas wa\u017cny \u2013 niezale\u017cnie od poziomu, od kt\u00f3rego zaczyna. Treningi prowadzimy wed\u0142ug sprawdzonych metod, kt\u00f3re \u0142\u0105cz\u0105 technik\u0119, motoryk\u0119 i inteligencj\u0119&#8230;<\/p>\n","protected":false},"author":1,"featured_media":0,"parent":0,"menu_order":0,"comment_status":"closed","ping_status":"open","template":"","meta":{"_monsterinsights_skip_tracking":false,"_monsterinsights_sitenote_active":false,"_monsterinsights_sitenote_note":"","_monsterinsights_sitenote_category":0,"footnotes":""},"class_list":["post-2","page","type-page","status-publish","hentry"],"yoast_head":"<!-- This site is optimized with the Yoast SEO plugin v27.4 - https:\/\/yoast.com\/product\/yoast-seo-wordpress\/ -->\n<title>Akademia Pi\u0142karska - Globalfootballtalents<\/title>\n<meta name=\"robots\" content=\"index, follow, max-snippet:-1, max-image-preview:large, max-video-preview:-1\" \/>\n<link rel=\"canonical\" href=\"https:\/\/globalfootballtalents.pl\/?page_id=2\" \/>\n<meta property=\"og:locale\" content=\"pl_PL\" \/>\n<meta property=\"og:type\" content=\"article\" \/>\n<meta property=\"og:title\" content=\"Akademia Pi\u0142karska - Globalfootballtalents\" \/>\n<meta property=\"og:description\" content=\"AKADEMIA PI\u0141KARSKA Nasza akademia to miejsce, w kt\u00f3rym m\u0142odzi zawodnicy rozwijaj\u0105 si\u0119 krok po kroku \u2013 od podstaw a\u017c po poziom zaawansowany. Stawiamy na jako\u015b\u0107 treningu, indywidualne podej\u015bcie i realny rozw\u00f3j. Ka\u017cdy zawodnik jest dla nas wa\u017cny \u2013 niezale\u017cnie od poziomu, od kt\u00f3rego zaczyna. Treningi prowadzimy wed\u0142ug sprawdzonych metod, kt\u00f3re \u0142\u0105cz\u0105 technik\u0119, motoryk\u0119 i inteligencj\u0119...\" \/>\n<meta property=\"og:url\" content=\"https:\/\/globalfootballtalents.pl\/?page_id=2\" \/>\n<meta property=\"og:site_name\" content=\"Globalfootballtalents\" \/>\n<meta property=\"article:modified_time\" content=\"2026-03-31T10:32:53+00:00\" \/>\n<meta name=\"twitter:label1\" content=\"Szacowany czas czytania\" \/>\n\t<meta name=\"twitter:data1\" content=\"1 minuta\" \/>\n<script type=\"application\/ld+json\" class=\"yoast-schema-graph\">{\"@context\":\"https:\\\/\\\/schema.org\",\"@graph\":[{\"@type\":\"WebPage\",\"@id\":\"https:\\\/\\\/globalfootballtalents.pl\\\/?page_id=2\",\"url\":\"https:\\\/\\\/globalfootballtalents.pl\\\/?page_id=2\",\"name\":\"Akademia Pi\u0142karska - Globalfootballtalents\",\"isPartOf\":{\"@id\":\"https:\\\/\\\/globalfootballtalents.pl\\\/#website\"},\"datePublished\":\"2026-02-04T14:37:32+00:00\",\"dateModified\":\"2026-03-31T10:32:53+00:00\",\"breadcrumb\":{\"@id\":\"https:\\\/\\\/globalfootballtalents.pl\\\/?page_id=2#breadcrumb\"},\"inLanguage\":\"pl-PL\",\"potentialAction\":[{\"@type\":\"ReadAction\",\"target\":[\"https:\\\/\\\/globalfootballtalents.pl\\\/?page_id=2\"]}]},{\"@type\":\"BreadcrumbList\",\"@id\":\"https:\\\/\\\/globalfootballtalents.pl\\\/?page_id=2#breadcrumb\",\"itemListElement\":[{\"@type\":\"ListItem\",\"position\":1,\"name\":\"Home\",\"item\":\"https:\\\/\\\/globalfootballtalents.pl\\\/\"},{\"@type\":\"ListItem\",\"position\":2,\"name\":\"Akademia Pi\u0142karska\"}]},{\"@type\":\"WebSite\",\"@id\":\"https:\\\/\\\/globalfootballtalents.pl\\\/#website\",\"url\":\"https:\\\/\\\/globalfootballtalents.pl\\\/\",\"name\":\"Globalfootballtalents\",\"description\":\"GFT\",\"potentialAction\":[{\"@type\":\"SearchAction\",\"target\":{\"@type\":\"EntryPoint\",\"urlTemplate\":\"https:\\\/\\\/globalfootballtalents.pl\\\/?s={search_term_string}\"},\"query-input\":{\"@type\":\"PropertyValueSpecification\",\"valueRequired\":true,\"valueName\":\"search_term_string\"}}],\"inLanguage\":\"pl-PL\"}]}<\/script>\n<!-- \/ Yoast SEO plugin. -->","yoast_head_json":{"title":"Akademia Pi\u0142karska - Globalfootballtalents","robots":{"index":"index","follow":"follow","max-snippet":"max-snippet:-1","max-image-preview":"max-image-preview:large","max-video-preview":"max-video-preview:-1"},"canonical":"https:\/\/globalfootballtalents.pl\/?page_id=2","og_locale":"pl_PL","og_type":"article","og_title":"Akademia Pi\u0142karska - Globalfootballtalents","og_description":"AKADEMIA PI\u0141KARSKA Nasza akademia to miejsce, w kt\u00f3rym m\u0142odzi zawodnicy rozwijaj\u0105 si\u0119 krok po kroku \u2013 od podstaw a\u017c po poziom zaawansowany. Stawiamy na jako\u015b\u0107 treningu, indywidualne podej\u015bcie i realny rozw\u00f3j. Ka\u017cdy zawodnik jest dla nas wa\u017cny \u2013 niezale\u017cnie od poziomu, od kt\u00f3rego zaczyna. Treningi prowadzimy wed\u0142ug sprawdzonych metod, kt\u00f3re \u0142\u0105cz\u0105 technik\u0119, motoryk\u0119 i inteligencj\u0119...","og_url":"https:\/\/globalfootballtalents.pl\/?page_id=2","og_site_name":"Globalfootballtalents","article_modified_time":"2026-03-31T10:32:53+00:00","twitter_misc":{"Szacowany czas czytania":"1 minuta"},"schema":{"@context":"https:\/\/schema.org","@graph":[{"@type":"WebPage","@id":"https:\/\/globalfootballtalents.pl\/?page_id=2","url":"https:\/\/globalfootballtalents.pl\/?page_id=2","name":"Akademia Pi\u0142karska - Globalfootballtalents","isPartOf":{"@id":"https:\/\/globalfootballtalents.pl\/#website"},"datePublished":"2026-02-04T14:37:32+00:00","dateModified":"2026-03-31T10:32:53+00:00","breadcrumb":{"@id":"https:\/\/globalfootballtalents.pl\/?page_id=2#breadcrumb"},"inLanguage":"pl-PL","potentialAction":[{"@type":"ReadAction","target":["https:\/\/globalfootballtalents.pl\/?page_id=2"]}]},{"@type":"BreadcrumbList","@id":"https:\/\/globalfootballtalents.pl\/?page_id=2#breadcrumb","itemListElement":[{"@type":"ListItem","position":1,"name":"Home","item":"https:\/\/globalfootballtalents.pl\/"},{"@type":"ListItem","position":2,"name":"Akademia Pi\u0142karska"}]},{"@type":"WebSite","@id":"https:\/\/globalfootballtalents.pl\/#website","url":"https:\/\/globalfootballtalents.pl\/","name":"Globalfootballtalents","description":"GFT","potentialAction":[{"@type":"SearchAction","target":{"@type":"EntryPoint","urlTemplate":"https:\/\/globalfootballtalents.pl\/?s={search_term_string}"},"query-input":{"@type":"PropertyValueSpecification","valueRequired":true,"valueName":"search_term_string"}}],"inLanguage":"pl-PL"}]}},"_links":{"self":[{"href":"https:\/\/globalfootballtalents.pl\/index.php?rest_route=\/wp\/v2\/pages\/2","targetHints":{"allow":["GET"]}}],"collection":[{"href":"https:\/\/globalfootballtalents.pl\/index.php?rest_route=\/wp\/v2\/pages"}],"about":[{"href":"https:\/\/globalfootballtalents.pl\/index.php?rest_route=\/wp\/v2\/types\/page"}],"author":[{"embeddable":true,"href":"https:\/\/globalfootballtalents.pl\/index.php?rest_route=\/wp\/v2\/users\/1"}],"replies":[{"embeddable":true,"href":"https:\/\/globalfootballtalents.pl\/index.php?rest_route=%2Fwp%2Fv2%2Fcomments&post=2"}],"version-history":[{"count":4,"href":"https:\/\/globalfootballtalents.pl\/index.php?rest_route=\/wp\/v2\/pages\/2\/revisions"}],"predecessor-version":[{"id":804,"href":"https:\/\/globalfootballtalents.pl\/index.php?rest_route=\/wp\/v2\/pages\/2\/revisions\/804"}],"wp:attachment":[{"href":"https:\/\/globalfootballtalents.pl\/index.php?rest_route=%2Fwp%2Fv2%2Fmedia&parent=2"}],"curies":[{"name":"wp","href":"https:\/\/api.w.org\/{rel}","templated":true}]}}